{"id":2,"date":"2021-09-29T07:34:09","date_gmt":"2021-09-29T07:34:09","guid":{"rendered":"http:\/\/hokami.cz\/?page_id=2"},"modified":"2021-10-14T02:42:07","modified_gmt":"2021-10-14T01:42:07","slug":"sample-page","status":"publish","type":"page","link":"https:\/\/hokami.cz\/en\/","title":{"rendered":"Sample Page"},"content":{"rendered":"[et_pb_section admin_label=\u201csection\u201d] [et_pb_row admin_label=\u201crow\u201d] [et_pb_column type=\u201c4_4\u2033][et_pb_text admin_label=\u201dText\u201d]<!-- divi:heading {\"level\":1} -->\n<h1>Job description<\/h1>\n<!-- \/divi:heading -->\n\n<!-- divi:paragraph -->\n<p>To our work team, we will hire a new colleague for the position of Warehouseman.<\/p>\n<!-- \/divi:paragraph -->\n\n<!-- divi:heading -->\n<h2>N<strong>Job description:<\/strong><\/h2>\n<!-- \/divi:heading -->\n\n<!-- divi:list -->\n<ul><li>Shipment records<\/li><li>Material storage and unloading<\/li><li>Inspection, marking and storage of material<\/li><li>Stock-taking<\/li><\/ul>\n<!-- \/divi:list -->\n\n<!-- divi:heading -->\n<h2>Basic requirements:<\/h2>\n<!-- \/divi:heading -->\n\n<!-- divi:list -->\n<ul><li>education: at least \u00daSO (apprenticeship with graduation)<\/li><li>diligence, patience, independence<\/li><li>good eyesight<\/li><\/ul>\n<!-- \/divi:list -->\n\n<!-- divi:heading {\"level\":1} -->\n<h1>We offer:<\/h1>\n<!-- \/divi:heading -->\n\n<!-- divi:list -->\n<ul><li>professional training<\/li><li>work in a clean and quiet environment<\/li><li>salary from 23,000 CZK\/month<\/li><li>2 shifts (Mon-Fri)<\/li><li>working time 7.5 hours<\/li><li>nice working environment<\/li><li>boarding possible immediately<\/li><li>perspective of personal and professional growth<\/li><li>transport accessibility (tram, bus 15 minutes)<\/li><li>free parking<\/li><li>family atmosphere in a purely Czech company<\/li><li>personal relationships (company size 160 employees)<\/li><li>refreshments in the complex and in our own cafe www.dolicafe.cz<\/li><li>dental care in our own top dental clinic www.dolident.cz<\/li><li>social, sports and cultural events for employees and their families<\/li><\/ul>\n<!-- \/divi:list -->\n\n<!-- divi:paragraph -->\n<p>Send your resume by email. <a href=\"mailto:prace@hokami.cz\" data-type=\"mailto\" data-id=\"mailto:prace@hokami.cz\">prace@hokami.cz<\/a><\/p>\n<!-- \/divi:paragraph -->[\/et_pb_text][\/et_pb_column] [\/et_pb_row] [\/et_pb_section]","protected":false},"excerpt":{"rendered":"<p>Job description We are hiring a new colleague for the position of Warehouseman to join our team. Job description: Record of shipmentsStorage and retrieval of materialsChecking, marking and storing materialsInventory Basic requirements: education: at least \u00daSO (apprenticeship with graduation) diligence, patience, independencegood eyesight We offer: professional trainingwork in a clean and quiet environmentsalary from 23,000 CZK CZK\/month2 shifts (Mon-Fri)working [\u2026]<\/p>","protected":false},"author":1,"featured_media":178,"parent":0,"menu_order":0,"comment_status":"closed","ping_status":"open","template":"","meta":{"_acf_changed":false,"_et_pb_use_builder":"on","_et_pb_old_content":"<!-- wp:heading {\"level\":1} -->\n<h1>Popis pracovn\u00ed pozice<\/h1>\n<!-- \/wp:heading -->\n\n<!-- wp:paragraph -->\n<p>Do na\u0161eho pracovn\u00edho t\u00fdmu, p\u0159ijmeme nov\u00e9ho kolegu \/ kolegyni na pozici Skladn\u00edk \/ skladnice.<\/p>\n<!-- \/wp:paragraph -->\n\n<!-- wp:heading -->\n<h2>N<strong>\u00e1pl\u0148 pr\u00e1ce:<\/strong><\/h2>\n<!-- \/wp:heading -->\n\n<!-- wp:list -->\n<ul><li>Evidence z\u00e1silek<\/li><li>Nasklad\u0148ov\u00e1n\u00ed a vysklad\u0148ov\u00e1n\u00ed materi\u00e1lu<\/li><li>Kontrola, ozna\u010den\u00ed a zasklad\u0148ov\u00e1n\u00ed materi\u00e1lu<\/li><li>Inventura<\/li><\/ul>\n<!-- \/wp:list -->\n\n<!-- wp:heading -->\n<h2>Z\u00e1kladn\u00ed po\u017eadavky:<\/h2>\n<!-- \/wp:heading -->\n\n<!-- wp:list -->\n<ul><li>vzd\u011bl\u00e1n\u00ed: minim\u00e1ln\u011b \u00daSO (vyu\u010den\u00ed s maturitou)<\/li><li>pe\u010dlivost, trp\u011blivost, samostatnost<\/li><li>dobr\u00fd zrak<\/li><\/ul>\n<!-- \/wp:list -->\n\n<!-- wp:heading {\"level\":1} -->\n<h1>Nab\u00edz\u00edme:<\/h1>\n<!-- \/wp:heading -->\n\n<!-- wp:list -->\n<ul><li>odborn\u00e9 za\u0161kolen\u00ed<\/li><li>pr\u00e1ci v \u010dist\u00e9m a tich\u00e9m prost\u0159ed\u00ed<\/li><li>plat od 23 000 K\u010d K\u010d\/ m\u011bs\u00edc<\/li><li>2 sm\u011bny (Po-P\u00e1)<\/li><li>pracovn\u00ed doba 7,5 hodin<\/li><li>p\u0159\u00edjemn\u00e9 pracovn\u00ed prost\u0159ed\u00ed<\/li><li>n\u00e1stup mo\u017en\u00fd ihned<\/li><li>perspektivu osobn\u00edho i profesn\u00edho r\u016fstu<\/li><li>dopravn\u00ed dostupnost (tram, bus 15 minut)<\/li><li>bezplatn\u00e9 parkov\u00e1n\u00ed<\/li><li>rodinnou atmosf\u00e9ru v ryze \u010desk\u00e9 firm\u011b<\/li><li>osobn\u00ed vztahy (velikost firmy 160 zam\u011bstnanc\u016f)<\/li><li>ob\u010derstven\u00ed v are\u00e1lu a ve vlastn\u00ed kav\u00e1rn\u011b www.dolicafe.cz<\/li><li>p\u00e9\u010de o chrup ve vlastn\u00ed \u0161pi\u010dkov\u00e9 zubn\u00ed klinice www.dolident.cz<\/li><li>spole\u010densk\u00e9, sportovn\u00ed a kulturn\u00ed akce pro zam\u011bstnance a jejich rodiny<\/li><\/ul>\n<!-- \/wp:list -->\n\n<!-- wp:paragraph -->\n<p>Sv\u016fj \u017eivotopis za\u0161lete na email <a href=\"mailto:prace@hokami.cz\" data-type=\"mailto\" data-id=\"mailto:prace@hokami.cz\">prace@hokami.cz<\/a><\/p>\n<!-- \/wp:paragraph -->","_et_gb_content_width":"","footnotes":""},"class_list":["post-2","page","type-page","status-publish","has-post-thumbnail","hentry"],"acf":[],"_links":{"self":[{"href":"https:\/\/hokami.cz\/en\/wp-json\/wp\/v2\/pages\/2","targetHints":{"allow":["GET"]}}],"collection":[{"href":"https:\/\/hokami.cz\/en\/wp-json\/wp\/v2\/pages"}],"about":[{"href":"https:\/\/hokami.cz\/en\/wp-json\/wp\/v2\/types\/page"}],"author":[{"embeddable":true,"href":"https:\/\/hokami.cz\/en\/wp-json\/wp\/v2\/users\/1"}],"replies":[{"embeddable":true,"href":"https:\/\/hokami.cz\/en\/wp-json\/wp\/v2\/comments?post=2"}],"version-history":[{"count":0,"href":"https:\/\/hokami.cz\/en\/wp-json\/wp\/v2\/pages\/2\/revisions"}],"wp:featuredmedia":[{"embeddable":true,"href":"https:\/\/hokami.cz\/en\/wp-json\/wp\/v2\/media\/178"}],"wp:attachment":[{"href":"https:\/\/hokami.cz\/en\/wp-json\/wp\/v2\/media?parent=2"}],"curies":[{"name":"wp","href":"https:\/\/api.w.org\/{rel}","templated":true}]}}