{"id":1821,"date":"2021-10-13T08:30:23","date_gmt":"2021-10-13T07:30:23","guid":{"rendered":"http:\/\/hokami.cz\/?page_id=1821"},"modified":"2022-10-30T17:54:23","modified_gmt":"2022-10-30T16:54:23","slug":"kampus","status":"publish","type":"page","link":"https:\/\/hokami.cz\/en\/kampus\/","title":{"rendered":"Campus"},"content":{"rendered":"<p>[et_pb_section fb_built=&#8220;1&#8243; _builder_version=&#8220;4.10.3&#8243; _module_preset=&#8220;default&#8220; global_colors_info=&#8220;{}&#8220; theme_builder_area=&#8220;post_content&#8220;][et_pb_row _builder_version=&#8220;4.10.3&#8243; background_size=&#8220;initial&#8220; background_position=&#8220;top_left&#8220; background_repeat=&#8220;repeat&#8220; width=&#8220;100%&#8220; width_tablet=&#8220;100px&#8220; width_phone=&#8220;&#8220; width_last_edited=&#8220;on|tablet&#8220; custom_css_main_element=&#8220;width: 100%!important&#8220; global_colors_info=&#8220;{}&#8220; theme_builder_area=&#8220;post_content&#8220;][et_pb_column type=&#8220;4_4&#8243; _builder_version=&#8220;3.25&#8243; custom_padding=&#8220;|||&#8220; global_colors_info=&#8220;{}&#8220; custom_padding__hover=&#8220;|||&#8220; theme_builder_area=&#8220;post_content&#8220;][et_pb_text _builder_version=&#8220;4.10.3&#8243; background_size=&#8220;initial&#8220; background_position=&#8220;top_left&#8220; background_repeat=&#8220;repeat&#8220; global_colors_info=&#8220;{}&#8220; theme_builder_area=&#8220;post_content&#8220;]<\/p>\n<h1>Our campus<\/h1>\n<p>In addition to Hokami, you will also find other facilities on our campus. Specifically, the Dolident dental clinic, the Dolicafe caf\u00e9 and the Cleartex company. After clicking on the tiles below, you will be redirected to the websites of individual places.<\/p>\n<p>[\/et_pb_text][\/et_pb_column][\/et_pb_row][et_pb_row column_structure=&#8220;1_3,1_3,1_3&#8243; use_custom_gutter=&#8220;on&#8220; custom_padding_last_edited=&#8220;on|phone&#8220; _builder_version=&#8220;4.14.2&#8243; background_size=&#8220;initial&#8220; background_position=&#8220;top_left&#8220; background_repeat=&#8220;repeat&#8220; width=&#8220;100%&#8220; width_tablet=&#8220;100px&#8220; width_phone=&#8220;&#8220; width_last_edited=&#8220;on|tablet&#8220; custom_padding=&#8220;|0px||0px|false|true&#8220; custom_padding_tablet=&#8220;|0px||0px|false|true&#8220; custom_padding_phone=&#8220;|15px||15px|false|true&#8220; hover_enabled=&#8220;0&#8243; custom_css_main_element=&#8220;width: 100%!important&#8220; global_colors_info=&#8220;{}&#8220; theme_builder_area=&#8220;post_content&#8220; sticky_enabled=&#8220;0&#8243;][et_pb_column type=&#8220;1_3&#8243; _builder_version=&#8220;4.14.2&#8243; background_color=&#8220;#FFFFFF&#8220; link_option_url=&#8220;https:\/\/www.clear-tex.com&#8220; link_option_url_new_window=&#8220;on&#8220; border_radii=&#8220;on|20px|20px|20px|20px&#8220; box_shadow_style=&#8220;preset1&#8243; box_shadow_spread=&#8220;1px&#8220; box_shadow_color=&#8220;rgba(0,0,0,0.2)&#8220; global_colors_info=&#8220;{}&#8220; custom_padding__hover=&#8220;|||&#8220; theme_builder_area=&#8220;post_content&#8220;][et_pb_text _builder_version=&#8220;4.14.2&#8243; _module_preset=&#8220;default&#8220; background_image=&#8220;https:\/\/hokami.cz\/wp-content\/uploads\/2021\/10\/logo_cleartex-1.svg&#8220; height=&#8220;150px&#8220; global_colors_info=&#8220;{}&#8220; theme_builder_area=&#8220;post_content&#8220;][\/et_pb_text][et_pb_text _builder_version=&#8220;4.10.3&#8243; _module_preset=&#8220;default&#8220; header_3_text_align=&#8220;center&#8220; header_3_font_size=&#8220;24px&#8220; text_orientation=&#8220;center&#8220; custom_margin=&#8220;40px||40px||true|false&#8220; global_colors_info=&#8220;{}&#8220; theme_builder_area=&#8220;post_content&#8220;]<\/p>\n<h3>Cleartex<\/h3>\n<p>[\/et_pb_text][et_pb_text _builder_version=&#8220;4.14.2&#8243; _module_preset=&#8220;default&#8220; text_font=&#8220;|700|||||||&#8220; text_text_color=&#8220;#FF753C&#8220; text_letter_spacing=&#8220;2px&#8220; link_text_align=&#8220;center&#8220; text_orientation=&#8220;center&#8220; custom_margin=&#8220;40px||40px||true|false&#8220; hover_enabled=&#8220;0&#8243; global_colors_info=&#8220;{}&#8220; theme_builder_area=&#8220;post_content&#8220; sticky_enabled=&#8220;0&#8243;]<\/p>\n<p>EXPLORE \u25b8<\/p>\n<p>[\/et_pb_text][\/et_pb_column][et_pb_column type=&#8220;1_3&#8243; _builder_version=&#8220;4.14.2&#8243; background_color=&#8220;#FFFFFF&#8220; link_option_url=&#8220;https:\/\/www.dolicafe.cz&#8220; link_option_url_new_window=&#8220;on&#8220; hover_enabled=&#8220;0&#8243; border_radii=&#8220;on|20px|20px|20px|20px&#8220; box_shadow_style=&#8220;preset1&#8243; box_shadow_spread=&#8220;1px&#8220; box_shadow_color=&#8220;rgba(0,0,0,0.2)&#8220; global_colors_info=&#8220;{}&#8220; custom_padding__hover=&#8220;|||&#8220; theme_builder_area=&#8220;post_content&#8220; sticky_enabled=&#8220;0&#8243;][et_pb_text _builder_version=&#8220;4.14.2&#8243; _module_preset=&#8220;default&#8220; background_image=&#8220;https:\/\/hokami.cz\/wp-content\/uploads\/2021\/10\/dolicafe.png&#8220; height=&#8220;150px&#8220; global_colors_info=&#8220;{}&#8220; theme_builder_area=&#8220;post_content&#8220;][\/et_pb_text][et_pb_text _builder_version=&#8220;4.10.3&#8243; _module_preset=&#8220;default&#8220; header_3_text_align=&#8220;center&#8220; header_3_font_size=&#8220;24px&#8220; text_orientation=&#8220;center&#8220; custom_margin=&#8220;40px||40px||true|false&#8220; global_colors_info=&#8220;{}&#8220; theme_builder_area=&#8220;post_content&#8220;]<\/p>\n<h3>Dolicafe<\/h3>\n<p>[\/et_pb_text][et_pb_text _builder_version=&#8220;4.14.2&#8243; _module_preset=&#8220;default&#8220; text_font=&#8220;|700|||||||&#8220; text_text_color=&#8220;#FF753C&#8220; text_letter_spacing=&#8220;2px&#8220; link_text_align=&#8220;center&#8220; text_orientation=&#8220;center&#8220; custom_margin=&#8220;40px||40px||true|false&#8220; hover_enabled=&#8220;0&#8243; global_colors_info=&#8220;{}&#8220; theme_builder_area=&#8220;post_content&#8220; sticky_enabled=&#8220;0&#8243;]<\/p>\n<p>EXPLORE \u25b8<\/p>\n<p>[\/et_pb_text][\/et_pb_column][et_pb_column type=&#8220;1_3&#8243; _builder_version=&#8220;4.14.2&#8243; background_color=&#8220;#FFFFFF&#8220; link_option_url=&#8220;https:\/\/www.dolident.cz&#8220; link_option_url_new_window=&#8220;on&#8220; hover_enabled=&#8220;0&#8243; border_radii=&#8220;on|20px|20px|20px|20px&#8220; box_shadow_style=&#8220;preset1&#8243; box_shadow_spread=&#8220;1px&#8220; box_shadow_color=&#8220;rgba(0,0,0,0.2)&#8220; global_colors_info=&#8220;{}&#8220; custom_padding__hover=&#8220;|||&#8220; theme_builder_area=&#8220;post_content&#8220; sticky_enabled=&#8220;0&#8243;][et_pb_text _builder_version=&#8220;4.14.2&#8243; _module_preset=&#8220;default&#8220; background_image=&#8220;https:\/\/hokami.cz\/wp-content\/uploads\/2021\/10\/dolident.png&#8220; height=&#8220;150px&#8220; global_colors_info=&#8220;{}&#8220; theme_builder_area=&#8220;post_content&#8220;][\/et_pb_text][et_pb_text _builder_version=&#8220;4.10.3&#8243; _module_preset=&#8220;default&#8220; header_3_text_align=&#8220;center&#8220; header_3_font_size=&#8220;24px&#8220; text_orientation=&#8220;center&#8220; custom_margin=&#8220;40px||40px||true|false&#8220; global_colors_info=&#8220;{}&#8220; theme_builder_area=&#8220;post_content&#8220;]<\/p>\n<h3>Dolident<\/h3>\n<p>[\/et_pb_text][et_pb_text _builder_version=&#8220;4.14.2&#8243; _module_preset=&#8220;default&#8220; text_font=&#8220;|700|||||||&#8220; text_text_color=&#8220;#FF753C&#8220; text_letter_spacing=&#8220;2px&#8220; link_text_align=&#8220;center&#8220; text_orientation=&#8220;center&#8220; custom_margin=&#8220;40px||40px||true|false&#8220; hover_enabled=&#8220;0&#8243; global_colors_info=&#8220;{}&#8220; theme_builder_area=&#8220;post_content&#8220; sticky_enabled=&#8220;0&#8243;]<\/p>\n<p>EXPLORE \u25b8<\/p>\n<p>[\/et_pb_text][\/et_pb_column][\/et_pb_row][\/et_pb_section]<\/p>","protected":false},"excerpt":{"rendered":"<p>N\u00e1\u0161 kampus Vedle spole\u010dnosti Hokami v na\u0161em kampusu najdete i dal\u0161\u00ed provozovny. Konkr\u00e9tn\u011b zubn\u00ed kliniku Dolident, kav\u00e1rnu Dolicafe a spole\u010dnost Cleartex. Po kliknut\u00ed na dla\u017edice n\u00ed\u017ee budete p\u0159esm\u011brov\u00e1ni na webov\u00e9 str\u00e1nky jednotliv\u00fdch m\u00edst.CleartexPROZKOUMAT \u25b8DolicafePROZKOUMAT \u25b8DolidentPROZKOUMAT \u25b8<\/p>","protected":false},"author":1,"featured_media":1861,"parent":0,"menu_order":0,"comment_status":"closed","ping_status":"closed","template":"","meta":{"_acf_changed":false,"_et_pb_use_builder":"on","_et_pb_old_content":"","_et_gb_content_width":"","footnotes":""},"class_list":["post-1821","page","type-page","status-publish","has-post-thumbnail","hentry"],"acf":[],"_links":{"self":[{"href":"https:\/\/hokami.cz\/en\/wp-json\/wp\/v2\/pages\/1821","targetHints":{"allow":["GET"]}}],"collection":[{"href":"https:\/\/hokami.cz\/en\/wp-json\/wp\/v2\/pages"}],"about":[{"href":"https:\/\/hokami.cz\/en\/wp-json\/wp\/v2\/types\/page"}],"author":[{"embeddable":true,"href":"https:\/\/hokami.cz\/en\/wp-json\/wp\/v2\/users\/1"}],"replies":[{"embeddable":true,"href":"https:\/\/hokami.cz\/en\/wp-json\/wp\/v2\/comments?post=1821"}],"version-history":[{"count":0,"href":"https:\/\/hokami.cz\/en\/wp-json\/wp\/v2\/pages\/1821\/revisions"}],"wp:featuredmedia":[{"embeddable":true,"href":"https:\/\/hokami.cz\/en\/wp-json\/wp\/v2\/media\/1861"}],"wp:attachment":[{"href":"https:\/\/hokami.cz\/en\/wp-json\/wp\/v2\/media?parent=1821"}],"curies":[{"name":"wp","href":"https:\/\/api.w.org\/{rel}","templated":true}]}}