{"id":1366,"date":"2021-10-07T21:33:26","date_gmt":"2021-10-07T20:33:26","guid":{"rendered":"http:\/\/hokami.cz\/?page_id=1366"},"modified":"2022-01-14T09:36:55","modified_gmt":"2022-01-14T08:36:55","slug":"dps","status":"publish","type":"page","link":"https:\/\/hokami.cz\/en\/sluzby\/dps\/","title":{"rendered":"DPS"},"content":{"rendered":"<h1 class=\"wp-block-heading\">Service information<\/h1>\n\n\n\n<p>Table of standard orientation parameters:<\/p>\n\n\n\n<p><\/p>\n\n\n\n<figure class=\"wp-block-table tabulka\"><table class=\"has-black-color has-text-color\"><tbody><tr><td>Number of layers<\/td><td>single, double and multilayer<\/td><\/tr><tr><td>Material<\/td><td>FR1, FR2, FR3, FR4, CEM1, CEM3, AL, flexible PCB, rigid-flex PCB<\/td><\/tr><tr><td>Strength of materials<\/td><td>0.2 - 3.2 mm<\/td><\/tr><tr><td>The strength of copper<\/td><td>17 - 105 \u00b5m<\/td><\/tr><tr><td>Min. path<\/td><td>0.08 mm<\/td><\/tr><tr><td>Min. gap<\/td><td>0.08 mm<\/td><\/tr><tr><td>Drilling<\/td><td>0.10 mm - 6.5 mm \/ laser drilling from 0.1 mm<\/td><\/tr><tr><td>Mask<\/td><td>UV or screen printing<\/td><\/tr><tr><td>Prints<\/td><td>paint, carbon layers, removable varnishes<\/td><\/tr><tr><td>Surface finish<\/td><td>nickel, gold, HAL, LF-HAL, OSP, chemical tin, silver<\/td><\/tr><tr><td>Contour<\/td><td>milling, grooving, pressing<\/td><\/tr><tr><td>Control<\/td><td>optical, electrical test<\/td><\/tr><tr><td>Quality according to<\/td><td>UL, ISO 9001<\/td><\/tr><tr><td>Stencils<\/td><td>steel, laser cut, gluing to AL frames<\/td><\/tr><\/tbody><\/table><\/figure>\n\n\n\n<p>We are able to supply PCBs up to 1100 mm x 600 mm.<\/p>\n\n\n\n<div class=\"wp-block-columns is-layout-flex wp-container-core-columns-is-layout-9d6595d7 wp-block-columns-is-layout-flex\">\n<div class=\"wp-block-column is-layout-flow wp-block-column-is-layout-flow\">\n<figure class=\"wp-block-image size-large\"><img loading=\"lazy\" decoding=\"async\" width=\"709\" height=\"400\" src=\"http:\/\/hokami.cz\/wp-content\/uploads\/2021\/10\/dps-001-edited.jpg\" alt=\"\" class=\"wp-image-1368\" srcset=\"http:\/\/hokami.cz\/wp-content\/uploads\/2021\/10\/dps-001-edited.jpg 709w, http:\/\/hokami.cz\/wp-content\/uploads\/2021\/10\/dps-001-edited-480x271.jpg 480w\" sizes=\"auto, (min-width: 0px) and (max-width: 480px) 480px, (min-width: 481px) 709px, 100vw\" \/><\/figure>\n<\/div>\n\n\n\n<div class=\"wp-block-column is-layout-flow wp-block-column-is-layout-flow\">\n<figure class=\"wp-block-image size-large\"><img loading=\"lazy\" decoding=\"async\" width=\"709\" height=\"400\" src=\"http:\/\/hokami.cz\/wp-content\/uploads\/2021\/10\/dps-002-edited.jpg\" alt=\"\" class=\"wp-image-1369\" srcset=\"http:\/\/hokami.cz\/wp-content\/uploads\/2021\/10\/dps-002-edited.jpg 709w, http:\/\/hokami.cz\/wp-content\/uploads\/2021\/10\/dps-002-edited-480x271.jpg 480w\" sizes=\"auto, (min-width: 0px) and (max-width: 480px) 480px, (min-width: 481px) 709px, 100vw\" \/><\/figure>\n<\/div>\n<\/div>","protected":false},"excerpt":{"rendered":"<p>Informace o slu\u017eb\u011b Tabulka standardn\u00edch orienta\u010dn\u00edch parametr\u016f: Po\u010det vrstev jedno, dvou a v\u00edcevrstv\u00e9 Materi\u00e1l FR1, FR2, FR3, FR4,CEM1,CEM3, AL, flexibiln\u00ed PCB, rigid-flex PCB S\u00edla materi\u00e1lu 0,2 \u2013 3,2 mm S\u00edla m\u011bdi 17 \u2013 105 \u00b5m Min. dr\u00e1ha 0,08 mm Min. mezera 0,08 mm Vrt\u00e1n\u00ed 0,10 mm \u2013 6,5 mm \/ vrt\u00e1n\u00ed laserem od 0,1mm Maska [&hellip;]<\/p>","protected":false},"author":1,"featured_media":1300,"parent":1023,"menu_order":0,"comment_status":"closed","ping_status":"closed","template":"","meta":{"_acf_changed":false,"_et_pb_use_builder":"off","_et_pb_old_content":"","_et_gb_content_width":"","footnotes":""},"class_list":["post-1366","page","type-page","status-publish","has-post-thumbnail","hentry"],"acf":[],"_links":{"self":[{"href":"https:\/\/hokami.cz\/en\/wp-json\/wp\/v2\/pages\/1366","targetHints":{"allow":["GET"]}}],"collection":[{"href":"https:\/\/hokami.cz\/en\/wp-json\/wp\/v2\/pages"}],"about":[{"href":"https:\/\/hokami.cz\/en\/wp-json\/wp\/v2\/types\/page"}],"author":[{"embeddable":true,"href":"https:\/\/hokami.cz\/en\/wp-json\/wp\/v2\/users\/1"}],"replies":[{"embeddable":true,"href":"https:\/\/hokami.cz\/en\/wp-json\/wp\/v2\/comments?post=1366"}],"version-history":[{"count":0,"href":"https:\/\/hokami.cz\/en\/wp-json\/wp\/v2\/pages\/1366\/revisions"}],"up":[{"embeddable":true,"href":"https:\/\/hokami.cz\/en\/wp-json\/wp\/v2\/pages\/1023"}],"wp:featuredmedia":[{"embeddable":true,"href":"https:\/\/hokami.cz\/en\/wp-json\/wp\/v2\/media\/1300"}],"wp:attachment":[{"href":"https:\/\/hokami.cz\/en\/wp-json\/wp\/v2\/media?parent=1366"}],"curies":[{"name":"wp","href":"https:\/\/api.w.org\/{rel}","templated":true}]}}