{"id":1343,"date":"2021-10-07T21:23:09","date_gmt":"2021-10-07T21:23:09","guid":{"rendered":"http:\/\/hokami.cz\/?page_id=1343"},"modified":"2022-01-14T09:35:40","modified_gmt":"2022-01-14T08:35:40","slug":"testovani","status":"publish","type":"page","link":"https:\/\/hokami.cz\/en\/sluzby\/testovani\/","title":{"rendered":"Testing"},"content":{"rendered":"<h1 class=\"wp-block-heading\">Service information<\/h1>\n\n\n\n<p>It is important for the quality of end products to control the production process from its beginning to the end. The production process is controlled according to the IPC-A-610-E standard. Ensuring the cleanliness of the PCB, which is an important factor influencing quality, is carried out in accordance with IPC-CH-65B. During the production process and before the actual shipment of the board, we test the following methods:<\/p>\n\n\n\n<p><\/p>\n\n\n\n<p>Automatic optical inspection (AOI)<\/p>\n\n\n\n<ul class=\"wp-block-list\"><li>1x SAKI Bf-Comet-e<\/li><li>4x SAKI Bf-Sirius<\/li><li>1x SAKI 3Di-LS2-L<\/li><li>Endoscope (BGA Inspection camera)<\/li><\/ul>\n\n\n\n<p>In-Circuit test<\/p>\n\n\n\n<ul class=\"wp-block-list\"><li>3x Reinhardt ATS-KMFT 470 with Type 147 Manual Test Fixture<\/li><li>Reinhardt ATS-KMFT 670M-5 with Type 42A-3 Manual Test Fixture<\/li><li>Type52L Manual Test Fixture for testing oversized PCBs<\/li><\/ul>\n\n\n\n<p>Functional test<\/p>\n\n\n\n<ul class=\"wp-block-list\"><li>Complete functional test - I2C<\/li><li>Mechanical tests<\/li><li>Visual test<\/li><li>Camera test<\/li><\/ul>\n\n\n\n<p>Burn-in test<\/p>\n\n\n\n<ul class=\"wp-block-list\"><li>High voltage test<\/li><\/ul>\n\n\n\n<p>Complete functional test - I2C, RS232, Bluetooth, programming<\/p>\n\n\n\n<p>Mechanical tests - automatic test of buttons, switches, toggle switches, magnetic relays (reed switch)<\/p>\n\n\n\n<p>Visual test (automatic measurement of height and position of components)<\/p>\n\n\n\n<p>Camera test (measuring LEDs and displays - measuring wavelength and light intensity)<\/p>\n\n\n\n<p>Sound test (buzzer test - measuring the frequency and intensity of sound)<\/p>\n\n\n\n<p>High voltage test (HV Test - both AC and DC)<\/p>","protected":false},"excerpt":{"rendered":"<p>Informace o slu\u017eb\u011b Pro kvalitu koncov\u00fdch produkt\u016f je d\u016fle\u017eit\u00e1 kontrola v\u00fdrobn\u00edho procesu od jeho za\u010d\u00e1tku a\u017e do konce. Proces v\u00fdroby je \u0159\u00edzen dle standardu IPC-A-610-E. Zaji\u0161t\u011bn\u00ed \u010distoty DPS, kter\u00e1 je d\u016fle\u017eit\u00fdm faktorem ovliv\u0148uj\u00edc\u00edm kvalitu, prob\u00edh\u00e1 v souladu s IPC-CH-65B. B\u011bhem v\u00fdrobn\u00edho procesu a p\u0159ed vlastn\u00ed expedic\u00ed desky testujeme n\u00e1sleduj\u00edc\u00edmi metodami: Automatick\u00e1 optick\u00e1 inspekce (AOI) 1x [&hellip;]<\/p>","protected":false},"author":1,"featured_media":1297,"parent":1023,"menu_order":0,"comment_status":"closed","ping_status":"closed","template":"","meta":{"_acf_changed":false,"_et_pb_use_builder":"off","_et_pb_old_content":"","_et_gb_content_width":"","footnotes":""},"class_list":["post-1343","page","type-page","status-publish","has-post-thumbnail","hentry"],"acf":[],"_links":{"self":[{"href":"https:\/\/hokami.cz\/en\/wp-json\/wp\/v2\/pages\/1343","targetHints":{"allow":["GET"]}}],"collection":[{"href":"https:\/\/hokami.cz\/en\/wp-json\/wp\/v2\/pages"}],"about":[{"href":"https:\/\/hokami.cz\/en\/wp-json\/wp\/v2\/types\/page"}],"author":[{"embeddable":true,"href":"https:\/\/hokami.cz\/en\/wp-json\/wp\/v2\/users\/1"}],"replies":[{"embeddable":true,"href":"https:\/\/hokami.cz\/en\/wp-json\/wp\/v2\/comments?post=1343"}],"version-history":[{"count":0,"href":"https:\/\/hokami.cz\/en\/wp-json\/wp\/v2\/pages\/1343\/revisions"}],"up":[{"embeddable":true,"href":"https:\/\/hokami.cz\/en\/wp-json\/wp\/v2\/pages\/1023"}],"wp:featuredmedia":[{"embeddable":true,"href":"https:\/\/hokami.cz\/en\/wp-json\/wp\/v2\/media\/1297"}],"wp:attachment":[{"href":"https:\/\/hokami.cz\/en\/wp-json\/wp\/v2\/media?parent=1343"}],"curies":[{"name":"wp","href":"https:\/\/api.w.org\/{rel}","templated":true}]}}