{"id":1294,"date":"2021-10-07T21:00:31","date_gmt":"2021-10-07T21:00:31","guid":{"rendered":"http:\/\/hokami.cz\/?page_id=1294"},"modified":"2022-01-14T09:31:54","modified_gmt":"2022-01-14T08:31:54","slug":"pajeni","status":"publish","type":"page","link":"https:\/\/hokami.cz\/en\/sluzby\/pajeni\/","title":{"rendered":"THT assembly"},"content":{"rendered":"<h1 class=\"wp-block-heading\">Service information<\/h1>\n\n\n\n<p>We use the following technologies for soldering printed circuit boards:<\/p>\n\n\n\n<p><\/p>\n\n\n\n<h2 class=\"wp-block-heading\">Reflow<\/h2>\n\n\n\n<ul class=\"wp-block-list\"><li>1x SEHO PowerReflow<\/li><li>1x HELLER 1707 MKIII<\/li><li>1x SEHO Flowstar 4036 2.3<\/li><li>2x Ersa HOTFLOW 4\/14<\/li><\/ul>\n\n\n\n<h2 class=\"wp-block-heading\">Wave soldering<\/h2>\n\n\n\n<ul class=\"wp-block-list\"><li>1x Power Wave N2<\/li><li>3x SEHO 8140-PCS<\/li><\/ul>\n\n\n\n<h2 class=\"wp-block-heading\">Selective soldering<\/h2>\n\n\n\n<ul class=\"wp-block-list\"><li>1x ERSA Versaflow 3\/45<\/li><li>Manual soldering<\/li><li>Weller and Quick soldering stations<\/li><\/ul>\n\n\n\n<p><\/p>\n\n\n\n<div class=\"wp-block-columns is-layout-flex wp-container-core-columns-is-layout-9d6595d7 wp-block-columns-is-layout-flex\">\n<div class=\"wp-block-column is-layout-flow wp-block-column-is-layout-flow\">\n<figure class=\"wp-block-image size-large\"><img loading=\"lazy\" decoding=\"async\" width=\"531\" height=\"299\" src=\"http:\/\/hokami.cz\/wp-content\/uploads\/2021\/10\/pajeni-001-1-edited-1.jpg\" alt=\"\" class=\"wp-image-1319\" srcset=\"http:\/\/hokami.cz\/wp-content\/uploads\/2021\/10\/pajeni-001-1-edited-1.jpg 531w, http:\/\/hokami.cz\/wp-content\/uploads\/2021\/10\/pajeni-001-1-edited-1-480x270.jpg 480w\" sizes=\"auto, (min-width: 0px) and (max-width: 480px) 480px, (min-width: 481px) 531px, 100vw\" \/><\/figure>\n<\/div>\n\n\n\n<div class=\"wp-block-column is-layout-flow wp-block-column-is-layout-flow\">\n<figure class=\"wp-block-image size-large\"><img loading=\"lazy\" decoding=\"async\" width=\"531\" height=\"299\" src=\"http:\/\/hokami.cz\/wp-content\/uploads\/2021\/10\/pajeni-002-edited-1.jpg\" alt=\"\" class=\"wp-image-1320\" srcset=\"http:\/\/hokami.cz\/wp-content\/uploads\/2021\/10\/pajeni-002-edited-1.jpg 531w, http:\/\/hokami.cz\/wp-content\/uploads\/2021\/10\/pajeni-002-edited-1-480x270.jpg 480w\" sizes=\"auto, (min-width: 0px) and (max-width: 480px) 480px, (min-width: 481px) 531px, 100vw\" \/><\/figure>\n<\/div>\n<\/div>","protected":false},"excerpt":{"rendered":"<p>Informace o slu\u017eb\u011b Pro p\u00e1jen\u00ed desek plo\u0161n\u00fdch spoj\u016f vyu\u017e\u00edv\u00e1me tyto technologie: Reflow 1x SEHO PowerReflow 1x HELLER 1707 MKIII 1x SEHO Flowstar 4036 2.3 2x Ersa HOTFLOW 4\/14 P\u00e1jen\u00ed vlnou 1x Power Wave N2 3x SEHO 8140-PCS Selektivn\u00ed p\u00e1jen\u00ed 1x ERSA Versaflow 3\/45 Manu\u00e1ln\u00ed p\u00e1jen\u00ed P\u00e1jec\u00ed stanice Weller a Quick<\/p>","protected":false},"author":1,"featured_media":1257,"parent":1023,"menu_order":0,"comment_status":"closed","ping_status":"closed","template":"","meta":{"_acf_changed":false,"_et_pb_use_builder":"off","_et_pb_old_content":"","_et_gb_content_width":"","footnotes":""},"class_list":["post-1294","page","type-page","status-publish","has-post-thumbnail","hentry"],"acf":[],"_links":{"self":[{"href":"https:\/\/hokami.cz\/en\/wp-json\/wp\/v2\/pages\/1294","targetHints":{"allow":["GET"]}}],"collection":[{"href":"https:\/\/hokami.cz\/en\/wp-json\/wp\/v2\/pages"}],"about":[{"href":"https:\/\/hokami.cz\/en\/wp-json\/wp\/v2\/types\/page"}],"author":[{"embeddable":true,"href":"https:\/\/hokami.cz\/en\/wp-json\/wp\/v2\/users\/1"}],"replies":[{"embeddable":true,"href":"https:\/\/hokami.cz\/en\/wp-json\/wp\/v2\/comments?post=1294"}],"version-history":[{"count":0,"href":"https:\/\/hokami.cz\/en\/wp-json\/wp\/v2\/pages\/1294\/revisions"}],"up":[{"embeddable":true,"href":"https:\/\/hokami.cz\/en\/wp-json\/wp\/v2\/pages\/1023"}],"wp:featuredmedia":[{"embeddable":true,"href":"https:\/\/hokami.cz\/en\/wp-json\/wp\/v2\/media\/1257"}],"wp:attachment":[{"href":"https:\/\/hokami.cz\/en\/wp-json\/wp\/v2\/media?parent=1294"}],"curies":[{"name":"wp","href":"https:\/\/api.w.org\/{rel}","templated":true}]}}