{"id":2842,"date":"2024-11-12T03:20:06","date_gmt":"2024-11-12T02:20:06","guid":{"rendered":"https:\/\/hokami.cz\/?page_id=2842&#038;lang=cs"},"modified":"2024-11-12T03:20:07","modified_gmt":"2024-11-12T02:20:07","slug":"udrzitelnost","status":"publish","type":"page","link":"https:\/\/hokami.cz\/de\/udrzitelnost\/","title":{"rendered":"Nachhaltigkeit"},"content":{"rendered":"<p>Hokami CZ s.r.o. engagiert sich durch mehrere wichtige Initiativen f\u00fcr den Umweltschutz:<\/p>\n\n\n\n<ul class=\"wp-block-list\"><li><strong>Ressourcenschonende Technologie<\/strong>: Wir setzen moderne Technologien ein, die den Material- und Energieverbrauch bei der Herstellung von Leiterplatten minimieren und so den \u00f6kologischen Fu\u00dfabdruck unserer Produkte reduzieren.<\/li><li><strong>Nachhaltige Produktion<\/strong>: Unsere Produktionsprozesse sind so umweltfreundlich wie m\u00f6glich gestaltet. Dazu geh\u00f6rt die effiziente Nutzung von Ressourcen und die Minimierung von Abf\u00e4llen.<\/li><li><strong>Partnerschaft mit Mitarbeitern<\/strong>: Wir f\u00f6rdern das Umweltbewusstsein unserer Mitarbeiter und motivieren sie, sich aktiv an Umweltinitiativen zu beteiligen, was zum nachhaltigen Wirtschaften des Unternehmens beitr\u00e4gt.<\/li><\/ul>\n\n\n\n<p>Mit diesen Schritten versuchen wir, nicht nur den Erwartungen unserer Kunden gerecht zu werden, sondern auch zum Schutz der nat\u00fcrlichen Ressourcen und der Umwelt f\u00fcr zuk\u00fcnftige Generationen beizutragen.<\/p>","protected":false},"excerpt":{"rendered":"<p>Spole\u010dnost Hokami CZ s.r.o. se zavazuje k ochran\u011b \u017eivotn\u00edho prost\u0159ed\u00ed prost\u0159ednictv\u00edm n\u011bkolika kl\u00ed\u010dov\u00fdch iniciativ: Technologie \u0161et\u0159\u00edc\u00ed zdroje: Implementujeme modern\u00ed technologie, kter\u00e9 minimalizuj\u00ed spot\u0159ebu materi\u00e1l\u016f a energie p\u0159i v\u00fdrob\u011b desek plo\u0161n\u00fdch spoj\u016f, \u010d\u00edm\u017e sni\u017eujeme ekologickou stopu na\u0161ich produkt\u016f. Udr\u017eiteln\u00e1 v\u00fdroba: Na\u0161e v\u00fdrobn\u00ed procesy jsou navr\u017eeny tak, aby byly co nej\u0161etrn\u011bj\u0161\u00ed k \u017eivotn\u00edmu prost\u0159ed\u00ed. To zahrnuje efektivn\u00ed [&hellip;]<\/p>","protected":false},"author":1,"featured_media":2834,"parent":0,"menu_order":0,"comment_status":"closed","ping_status":"closed","template":"","meta":{"_acf_changed":false,"_et_pb_use_builder":"off","_et_pb_old_content":"","_et_gb_content_width":"","footnotes":""},"class_list":["post-2842","page","type-page","status-publish","has-post-thumbnail","hentry"],"acf":[],"_links":{"self":[{"href":"https:\/\/hokami.cz\/de\/wp-json\/wp\/v2\/pages\/2842","targetHints":{"allow":["GET"]}}],"collection":[{"href":"https:\/\/hokami.cz\/de\/wp-json\/wp\/v2\/pages"}],"about":[{"href":"https:\/\/hokami.cz\/de\/wp-json\/wp\/v2\/types\/page"}],"author":[{"embeddable":true,"href":"https:\/\/hokami.cz\/de\/wp-json\/wp\/v2\/users\/1"}],"replies":[{"embeddable":true,"href":"https:\/\/hokami.cz\/de\/wp-json\/wp\/v2\/comments?post=2842"}],"version-history":[{"count":0,"href":"https:\/\/hokami.cz\/de\/wp-json\/wp\/v2\/pages\/2842\/revisions"}],"wp:featuredmedia":[{"embeddable":true,"href":"https:\/\/hokami.cz\/de\/wp-json\/wp\/v2\/media\/2834"}],"wp:attachment":[{"href":"https:\/\/hokami.cz\/de\/wp-json\/wp\/v2\/media?parent=2842"}],"curies":[{"name":"wp","href":"https:\/\/api.w.org\/{rel}","templated":true}]}}