{"id":1378,"date":"2021-10-07T21:38:21","date_gmt":"2021-10-07T21:38:21","guid":{"rendered":"http:\/\/hokami.cz\/?page_id=1378"},"modified":"2021-10-07T21:39:59","modified_gmt":"2021-10-07T21:39:59","slug":"sablony","status":"publish","type":"page","link":"https:\/\/hokami.cz\/de\/sluzby\/sablony\/","title":{"rendered":"Schablone"},"content":{"rendered":"<h1 class=\"wp-block-heading\">Service Information<\/h1>\n\n\n\n<p>Wir bieten Siebdruckschablonen f\u00fcr die SMT-Best\u00fcckung zum pr\u00e4zisen Auftragen von L\u00f6tpaste. Bei Bedarf versenden wir die Vorlage innerhalb von 24 Stunden nach Bestelleingang.<\/p>\n\n\n\n<p>Standardm\u00e4\u00dfig liefern wir Vorlagen mit den folgenden Parametern:<\/p>\n\n\n\n<p><\/p>\n\n\n\n<h2 class=\"wp-block-heading\">Je nach Gr\u00f6\u00dfe der Vorlage:<\/h2>\n\n\n\n<ul class=\"wp-block-list\"><li>600 mm x 610 mm<\/li><li>600 mm x 720 mm<\/li><\/ul>\n\n\n\n<h2 class=\"wp-block-heading\">Je nach Materialst\u00e4rke:<\/h2>\n\n\n\n<ul class=\"wp-block-list\"><li>Mindest. 0,05 mm<\/li><li>0,100 mm<\/li><li>0,120 mm<\/li><li>0,130 mm<\/li><li>0,150 mm<\/li><li>0,180 mm<\/li><li>0,200 mm<\/li><li>0,250 mm<\/li><li>max 0,5 mm<\/li><\/ul>\n\n\n\n<p>Je nach Vereinbarung k\u00f6nnen wir auch andere Parameteranforderungen erf\u00fcllen.<\/p>\n\n\n\n<p>Wir bieten das Aufkleben von Schablonen auf Aluminiumrahmen.<\/p>\n\n\n\n<div class=\"wp-block-columns is-layout-flex wp-container-core-columns-is-layout-9d6595d7 wp-block-columns-is-layout-flex\">\n<div class=\"wp-block-column is-layout-flow wp-block-column-is-layout-flow\">\n<figure class=\"wp-block-image size-large\"><img loading=\"lazy\" decoding=\"async\" width=\"709\" height=\"400\" src=\"http:\/\/hokami.cz\/wp-content\/uploads\/2021\/10\/planzety-001-edited.jpg\" alt=\"\" class=\"wp-image-1382\" srcset=\"http:\/\/hokami.cz\/wp-content\/uploads\/2021\/10\/planzety-001-edited.jpg 709w, http:\/\/hokami.cz\/wp-content\/uploads\/2021\/10\/planzety-001-edited-480x271.jpg 480w\" sizes=\"auto, (min-width: 0px) and (max-width: 480px) 480px, (min-width: 481px) 709px, 100vw\" \/><\/figure>\n<\/div>\n\n\n\n<div class=\"wp-block-column is-layout-flow wp-block-column-is-layout-flow\">\n<figure class=\"wp-block-image size-large\"><img loading=\"lazy\" decoding=\"async\" width=\"709\" height=\"400\" src=\"http:\/\/hokami.cz\/wp-content\/uploads\/2021\/10\/planzety-002-edited.jpg\" alt=\"\" class=\"wp-image-1383\" srcset=\"http:\/\/hokami.cz\/wp-content\/uploads\/2021\/10\/planzety-002-edited.jpg 709w, http:\/\/hokami.cz\/wp-content\/uploads\/2021\/10\/planzety-002-edited-480x271.jpg 480w\" sizes=\"auto, (min-width: 0px) and (max-width: 480px) 480px, (min-width: 481px) 709px, 100vw\" \/><\/figure>\n<\/div>\n<\/div>","protected":false},"excerpt":{"rendered":"<p>Informace o slu\u017eb\u011b Pro precizn\u00ed nanesen\u00ed p\u00e1jec\u00ed pasty zaji\u0161\u0165ujeme s\u00edtotiskov\u00e9 \u0161ablony pro SMT osazov\u00e1n\u00ed. V p\u0159\u00edpad\u011b pot\u0159eby jsme schopni \u0161ablonu odeslat do 24 hodin po obdr\u017een\u00ed objedn\u00e1vky. Standardn\u011b dod\u00e1v\u00e1me \u0161ablony s\u00a0t\u011bmito parametry: Podle velikosti \u0161ablony: 600 mm x 610 mm 600 mm x 720 mm Podle tlou\u0161\u0165ky materi\u00e1lu: min. 0,05 mm 0,100 mm 0,120 mm [&hellip;]<\/p>","protected":false},"author":1,"featured_media":1311,"parent":1023,"menu_order":0,"comment_status":"closed","ping_status":"closed","template":"","meta":{"_acf_changed":false,"_et_pb_use_builder":"off","_et_pb_old_content":"","_et_gb_content_width":"","footnotes":""},"class_list":["post-1378","page","type-page","status-publish","has-post-thumbnail","hentry"],"acf":[],"_links":{"self":[{"href":"https:\/\/hokami.cz\/de\/wp-json\/wp\/v2\/pages\/1378","targetHints":{"allow":["GET"]}}],"collection":[{"href":"https:\/\/hokami.cz\/de\/wp-json\/wp\/v2\/pages"}],"about":[{"href":"https:\/\/hokami.cz\/de\/wp-json\/wp\/v2\/types\/page"}],"author":[{"embeddable":true,"href":"https:\/\/hokami.cz\/de\/wp-json\/wp\/v2\/users\/1"}],"replies":[{"embeddable":true,"href":"https:\/\/hokami.cz\/de\/wp-json\/wp\/v2\/comments?post=1378"}],"version-history":[{"count":0,"href":"https:\/\/hokami.cz\/de\/wp-json\/wp\/v2\/pages\/1378\/revisions"}],"up":[{"embeddable":true,"href":"https:\/\/hokami.cz\/de\/wp-json\/wp\/v2\/pages\/1023"}],"wp:featuredmedia":[{"embeddable":true,"href":"https:\/\/hokami.cz\/de\/wp-json\/wp\/v2\/media\/1311"}],"wp:attachment":[{"href":"https:\/\/hokami.cz\/de\/wp-json\/wp\/v2\/media?parent=1378"}],"curies":[{"name":"wp","href":"https:\/\/api.w.org\/{rel}","templated":true}]}}