{"id":1366,"date":"2021-10-07T21:33:26","date_gmt":"2021-10-07T20:33:26","guid":{"rendered":"http:\/\/hokami.cz\/?page_id=1366"},"modified":"2022-01-14T09:36:55","modified_gmt":"2022-01-14T08:36:55","slug":"dps","status":"publish","type":"page","link":"https:\/\/hokami.cz\/de\/sluzby\/dps\/","title":{"rendered":"DPS"},"content":{"rendered":"<h1 class=\"wp-block-heading\">Service Information<\/h1>\n\n\n\n<p>Tabelle der Standardorientierungsparameter:<\/p>\n\n\n\n<p><\/p>\n\n\n\n<figure class=\"wp-block-table tabulka\"><table class=\"has-black-color has-text-color\"><tbody><tr><td>Anzahl der Schichten<\/td><td>ein-, zwei- und mehrschichtig<\/td><\/tr><tr><td>Material<\/td><td>FR1, FR2, FR3, FR4, CEM1, CEM3, AL, flexible Leiterplatte, starr-flexible Leiterplatte<\/td><\/tr><tr><td>St\u00e4rke des Materials<\/td><td>0,2 - 3,2 mm<\/td><\/tr><tr><td>Die St\u00e4rke von Kupfer<\/td><td>17 - 105 \u00b5m<\/td><\/tr><tr><td>Mindest. Weg<\/td><td>0,08 mm<\/td><\/tr><tr><td>Mindest. L\u00fccke<\/td><td>0,08 mm<\/td><\/tr><tr><td>Bohren<\/td><td>0,10 mm - 6,5 mm \/ Laserbohren ab 0,1 mm<\/td><\/tr><tr><td>Maske<\/td><td>UV- oder Siebdruck<\/td><\/tr><tr><td>Drucke<\/td><td>Lack, Carbonschichten, entfernbare Lacke<\/td><\/tr><tr><td>Oberfl\u00e4chenfinish<\/td><td>Nickel, Gold, HAL, LF-HAL, OSP, chemisches Zinn, Silber<\/td><\/tr><tr><td>Kontur<\/td><td>Fr\u00e4sen, Nuten, Pressen<\/td><\/tr><tr><td>Steuerung<\/td><td>optischer, elektrischer Test<\/td><\/tr><tr><td>Qualit\u00e4t nach<\/td><td>UL, ISO 9001<\/td><\/tr><tr><td>Schablone<\/td><td>Stahl, lasergeschnitten, auf AL-Rahmen geklebt<\/td><\/tr><\/tbody><\/table><\/figure>\n\n\n\n<p>Wir k\u00f6nnen Leiterplatten bis 1100 mm x 600 mm liefern.<\/p>\n\n\n\n<div class=\"wp-block-columns is-layout-flex wp-container-core-columns-is-layout-9d6595d7 wp-block-columns-is-layout-flex\">\n<div class=\"wp-block-column is-layout-flow wp-block-column-is-layout-flow\">\n<figure class=\"wp-block-image size-large\"><img loading=\"lazy\" decoding=\"async\" width=\"709\" height=\"400\" src=\"http:\/\/hokami.cz\/wp-content\/uploads\/2021\/10\/dps-001-edited.jpg\" alt=\"\" class=\"wp-image-1368\" srcset=\"http:\/\/hokami.cz\/wp-content\/uploads\/2021\/10\/dps-001-edited.jpg 709w, http:\/\/hokami.cz\/wp-content\/uploads\/2021\/10\/dps-001-edited-480x271.jpg 480w\" sizes=\"auto, (min-width: 0px) and (max-width: 480px) 480px, (min-width: 481px) 709px, 100vw\" \/><\/figure>\n<\/div>\n\n\n\n<div class=\"wp-block-column is-layout-flow wp-block-column-is-layout-flow\">\n<figure class=\"wp-block-image size-large\"><img loading=\"lazy\" decoding=\"async\" width=\"709\" height=\"400\" src=\"http:\/\/hokami.cz\/wp-content\/uploads\/2021\/10\/dps-002-edited.jpg\" alt=\"\" class=\"wp-image-1369\" srcset=\"http:\/\/hokami.cz\/wp-content\/uploads\/2021\/10\/dps-002-edited.jpg 709w, http:\/\/hokami.cz\/wp-content\/uploads\/2021\/10\/dps-002-edited-480x271.jpg 480w\" sizes=\"auto, (min-width: 0px) and (max-width: 480px) 480px, (min-width: 481px) 709px, 100vw\" \/><\/figure>\n<\/div>\n<\/div>","protected":false},"excerpt":{"rendered":"<p>Informace o slu\u017eb\u011b Tabulka standardn\u00edch orienta\u010dn\u00edch parametr\u016f: Po\u010det vrstev jedno, dvou a v\u00edcevrstv\u00e9 Materi\u00e1l FR1, FR2, FR3, FR4,CEM1,CEM3, AL, flexibiln\u00ed PCB, rigid-flex PCB S\u00edla materi\u00e1lu 0,2 \u2013 3,2 mm S\u00edla m\u011bdi 17 \u2013 105 \u00b5m Min. dr\u00e1ha 0,08 mm Min. mezera 0,08 mm Vrt\u00e1n\u00ed 0,10 mm \u2013 6,5 mm \/ vrt\u00e1n\u00ed laserem od 0,1mm Maska [&hellip;]<\/p>","protected":false},"author":1,"featured_media":1300,"parent":1023,"menu_order":0,"comment_status":"closed","ping_status":"closed","template":"","meta":{"_acf_changed":false,"_et_pb_use_builder":"off","_et_pb_old_content":"","_et_gb_content_width":"","footnotes":""},"class_list":["post-1366","page","type-page","status-publish","has-post-thumbnail","hentry"],"acf":[],"_links":{"self":[{"href":"https:\/\/hokami.cz\/de\/wp-json\/wp\/v2\/pages\/1366","targetHints":{"allow":["GET"]}}],"collection":[{"href":"https:\/\/hokami.cz\/de\/wp-json\/wp\/v2\/pages"}],"about":[{"href":"https:\/\/hokami.cz\/de\/wp-json\/wp\/v2\/types\/page"}],"author":[{"embeddable":true,"href":"https:\/\/hokami.cz\/de\/wp-json\/wp\/v2\/users\/1"}],"replies":[{"embeddable":true,"href":"https:\/\/hokami.cz\/de\/wp-json\/wp\/v2\/comments?post=1366"}],"version-history":[{"count":0,"href":"https:\/\/hokami.cz\/de\/wp-json\/wp\/v2\/pages\/1366\/revisions"}],"up":[{"embeddable":true,"href":"https:\/\/hokami.cz\/de\/wp-json\/wp\/v2\/pages\/1023"}],"wp:featuredmedia":[{"embeddable":true,"href":"https:\/\/hokami.cz\/de\/wp-json\/wp\/v2\/media\/1300"}],"wp:attachment":[{"href":"https:\/\/hokami.cz\/de\/wp-json\/wp\/v2\/media?parent=1366"}],"curies":[{"name":"wp","href":"https:\/\/api.w.org\/{rel}","templated":true}]}}