{"id":1358,"date":"2021-10-07T21:31:56","date_gmt":"2021-10-07T21:31:56","guid":{"rendered":"http:\/\/hokami.cz\/?page_id=1358"},"modified":"2021-10-07T21:33:18","modified_gmt":"2021-10-07T21:33:18","slug":"kompletace","status":"publish","type":"page","link":"https:\/\/hokami.cz\/de\/sluzby\/kompletace\/","title":{"rendered":"Baugruppen"},"content":{"rendered":"<h1 class=\"wp-block-heading\">Service Information<\/h1>\n\n\n\n<p>Damit unsere Dienstleistungen wirklich umfassend sind, bieten wir au\u00dferdem:<\/p>\n\n\n\n<p><\/p>\n\n\n\n<ul class=\"wp-block-list\"><li>Herstellung von Kabelb\u00e4umen.<\/li><li>Kennzeichnung von Produkten mit erforderlichen Etiketten.<\/li><li>K\u00e4sten aus Kunststoff und Metall.<\/li><li>Montage des kompletten Produkts.<\/li><li>Produktverpackung nach Kundenwunsch.<\/li><li>Expedition zum angegebenen Ort.<\/li><\/ul>\n\n\n\n<div class=\"wp-block-columns is-layout-flex wp-container-core-columns-is-layout-9d6595d7 wp-block-columns-is-layout-flex\">\n<div class=\"wp-block-column is-layout-flow wp-block-column-is-layout-flow\">\n<figure class=\"wp-block-image size-large\"><img loading=\"lazy\" decoding=\"async\" width=\"709\" height=\"400\" src=\"http:\/\/hokami.cz\/wp-content\/uploads\/2021\/10\/kompletace-001-edited.jpg\" alt=\"\" class=\"wp-image-1360\" srcset=\"http:\/\/hokami.cz\/wp-content\/uploads\/2021\/10\/kompletace-001-edited.jpg 709w, http:\/\/hokami.cz\/wp-content\/uploads\/2021\/10\/kompletace-001-edited-480x271.jpg 480w\" sizes=\"auto, (min-width: 0px) and (max-width: 480px) 480px, (min-width: 481px) 709px, 100vw\" \/><\/figure>\n<\/div>\n\n\n\n<div class=\"wp-block-column is-layout-flow wp-block-column-is-layout-flow\">\n<figure class=\"wp-block-image size-large\"><img loading=\"lazy\" decoding=\"async\" width=\"709\" height=\"400\" src=\"http:\/\/hokami.cz\/wp-content\/uploads\/2021\/10\/kompletace-002-edited.jpg\" alt=\"\" class=\"wp-image-1361\" srcset=\"http:\/\/hokami.cz\/wp-content\/uploads\/2021\/10\/kompletace-002-edited.jpg 709w, http:\/\/hokami.cz\/wp-content\/uploads\/2021\/10\/kompletace-002-edited-480x271.jpg 480w\" sizes=\"auto, (min-width: 0px) and (max-width: 480px) 480px, (min-width: 481px) 709px, 100vw\" \/><\/figure>\n<\/div>\n<\/div>","protected":false},"excerpt":{"rendered":"<p>Informace o slu\u017eb\u011b Aby na\u0161e slu\u017eby byly opravdu komplexn\u00ed, zaji\u0161\u0165ujeme tak\u00e9: V\u00fdrobu kabelov\u00fdch svazk\u016f. Ozna\u010den\u00ed v\u00fdrobk\u016f po\u017eadovan\u00fdmi \u0161t\u00edtky. Plastov\u00e9 a kovov\u00e9 boxy. Mont\u00e1\u017e kompletn\u00edho produktu. Zabalen\u00ed produktu dle po\u017eadavk\u016f z\u00e1kazn\u00edka. Expedici na ur\u010den\u00e9 m\u00edsto.<\/p>","protected":false},"author":1,"featured_media":1303,"parent":1023,"menu_order":0,"comment_status":"closed","ping_status":"closed","template":"","meta":{"_acf_changed":false,"_et_pb_use_builder":"off","_et_pb_old_content":"","_et_gb_content_width":"","footnotes":""},"class_list":["post-1358","page","type-page","status-publish","has-post-thumbnail","hentry"],"acf":[],"_links":{"self":[{"href":"https:\/\/hokami.cz\/de\/wp-json\/wp\/v2\/pages\/1358","targetHints":{"allow":["GET"]}}],"collection":[{"href":"https:\/\/hokami.cz\/de\/wp-json\/wp\/v2\/pages"}],"about":[{"href":"https:\/\/hokami.cz\/de\/wp-json\/wp\/v2\/types\/page"}],"author":[{"embeddable":true,"href":"https:\/\/hokami.cz\/de\/wp-json\/wp\/v2\/users\/1"}],"replies":[{"embeddable":true,"href":"https:\/\/hokami.cz\/de\/wp-json\/wp\/v2\/comments?post=1358"}],"version-history":[{"count":0,"href":"https:\/\/hokami.cz\/de\/wp-json\/wp\/v2\/pages\/1358\/revisions"}],"up":[{"embeddable":true,"href":"https:\/\/hokami.cz\/de\/wp-json\/wp\/v2\/pages\/1023"}],"wp:featuredmedia":[{"embeddable":true,"href":"https:\/\/hokami.cz\/de\/wp-json\/wp\/v2\/media\/1303"}],"wp:attachment":[{"href":"https:\/\/hokami.cz\/de\/wp-json\/wp\/v2\/media?parent=1358"}],"curies":[{"name":"wp","href":"https:\/\/api.w.org\/{rel}","templated":true}]}}