{"id":1343,"date":"2021-10-07T21:23:09","date_gmt":"2021-10-07T21:23:09","guid":{"rendered":"http:\/\/hokami.cz\/?page_id=1343"},"modified":"2022-01-14T09:35:40","modified_gmt":"2022-01-14T08:35:40","slug":"testovani","status":"publish","type":"page","link":"https:\/\/hokami.cz\/de\/sluzby\/testovani\/","title":{"rendered":"Testen"},"content":{"rendered":"<h1 class=\"wp-block-heading\">Service Information<\/h1>\n\n\n\n<p>F\u00fcr die Qualit\u00e4t der Endprodukte ist es wichtig, den Produktionsprozess von Anfang bis Ende zu kontrollieren. Der Produktionsprozess wird nach dem Standard IPC-A-610-E gesteuert. Die Sicherstellung der Reinheit der PCB, die einen wichtigen Einfluss auf die Qualit\u00e4t hat, erfolgt nach IPC-CH-65B. W\u00e4hrend des Produktionsprozesses und vor dem eigentlichen Versand des Boards testen wir folgende Methoden:<\/p>\n\n\n\n<p><\/p>\n\n\n\n<p>Automatische optische Inspektion (AOI)<\/p>\n\n\n\n<ul class=\"wp-block-list\"><li>1x SAKI Bf-Comet-e<\/li><li>4x SAKI Bf-Sirius<\/li><li>1x SAKI 3Di-LS2-L<\/li><li>Endoskop (BGA Inspektionskamera)<\/li><\/ul>\n\n\n\n<p>In-Circuit-Test<\/p>\n\n\n\n<ul class=\"wp-block-list\"><li>3x Reinhardt ATS-KMFT 470 mit manueller Pr\u00fcfvorrichtung Typ 147<\/li><li>Reinhardt ATS-KMFT 670M-5 mit manueller Pr\u00fcfvorrichtung Typ 42A-3<\/li><li>Manueller Testadapter Typ52L zum Testen \u00fcbergro\u00dfer Leiterplatten<\/li><\/ul>\n\n\n\n<p>Funktionstest<\/p>\n\n\n\n<ul class=\"wp-block-list\"><li>Vollst\u00e4ndiger Funktionstest - I2C<\/li><li>Mechanische Tests<\/li><li>Visueller Test<\/li><li>Kameratest<\/li><\/ul>\n\n\n\n<p>Burn-In-Test<\/p>\n\n\n\n<ul class=\"wp-block-list\"><li>Hochspannungstest<\/li><\/ul>\n\n\n\n<p>Kompletter Funktionstest - I2C, RS232, Bluetooth, Programmierung<\/p>\n\n\n\n<p>Mechanische Tests - automatischer Test von Tasten, Schaltern, Kippschaltern, Magnetrelais (Reedschalter)<\/p>\n\n\n\n<p>Sichtpr\u00fcfung (automatische Messung von H\u00f6he und Position von Bauteilen)<\/p>\n\n\n\n<p>Kameratest (LEDs und Displays messen - Wellenl\u00e4nge und Lichtintensit\u00e4t messen)<\/p>\n\n\n\n<p>Schalltest (Summetest - Messung der Frequenz und Intensit\u00e4t des Schalls)<\/p>\n\n\n\n<p>Hochspannungstest (HV-Test - sowohl AC als auch DC)<\/p>","protected":false},"excerpt":{"rendered":"<p>Informace o slu\u017eb\u011b Pro kvalitu koncov\u00fdch produkt\u016f je d\u016fle\u017eit\u00e1 kontrola v\u00fdrobn\u00edho procesu od jeho za\u010d\u00e1tku a\u017e do konce. Proces v\u00fdroby je \u0159\u00edzen dle standardu IPC-A-610-E. Zaji\u0161t\u011bn\u00ed \u010distoty DPS, kter\u00e1 je d\u016fle\u017eit\u00fdm faktorem ovliv\u0148uj\u00edc\u00edm kvalitu, prob\u00edh\u00e1 v souladu s IPC-CH-65B. B\u011bhem v\u00fdrobn\u00edho procesu a p\u0159ed vlastn\u00ed expedic\u00ed desky testujeme n\u00e1sleduj\u00edc\u00edmi metodami: Automatick\u00e1 optick\u00e1 inspekce (AOI) 1x [&hellip;]<\/p>","protected":false},"author":1,"featured_media":1297,"parent":1023,"menu_order":0,"comment_status":"closed","ping_status":"closed","template":"","meta":{"_acf_changed":false,"_et_pb_use_builder":"off","_et_pb_old_content":"","_et_gb_content_width":"","footnotes":""},"class_list":["post-1343","page","type-page","status-publish","has-post-thumbnail","hentry"],"acf":[],"_links":{"self":[{"href":"https:\/\/hokami.cz\/de\/wp-json\/wp\/v2\/pages\/1343","targetHints":{"allow":["GET"]}}],"collection":[{"href":"https:\/\/hokami.cz\/de\/wp-json\/wp\/v2\/pages"}],"about":[{"href":"https:\/\/hokami.cz\/de\/wp-json\/wp\/v2\/types\/page"}],"author":[{"embeddable":true,"href":"https:\/\/hokami.cz\/de\/wp-json\/wp\/v2\/users\/1"}],"replies":[{"embeddable":true,"href":"https:\/\/hokami.cz\/de\/wp-json\/wp\/v2\/comments?post=1343"}],"version-history":[{"count":0,"href":"https:\/\/hokami.cz\/de\/wp-json\/wp\/v2\/pages\/1343\/revisions"}],"up":[{"embeddable":true,"href":"https:\/\/hokami.cz\/de\/wp-json\/wp\/v2\/pages\/1023"}],"wp:featuredmedia":[{"embeddable":true,"href":"https:\/\/hokami.cz\/de\/wp-json\/wp\/v2\/media\/1297"}],"wp:attachment":[{"href":"https:\/\/hokami.cz\/de\/wp-json\/wp\/v2\/media?parent=1343"}],"curies":[{"name":"wp","href":"https:\/\/api.w.org\/{rel}","templated":true}]}}