{"id":2842,"date":"2024-11-12T03:20:06","date_gmt":"2024-11-12T02:20:06","guid":{"rendered":"https:\/\/hokami.cz\/?page_id=2842&#038;lang=cs"},"modified":"2024-11-12T03:20:07","modified_gmt":"2024-11-12T02:20:07","slug":"udrzitelnost","status":"publish","type":"page","link":"https:\/\/hokami.cz\/cs\/udrzitelnost\/","title":{"rendered":"Udr\u017eitelnost"},"content":{"rendered":"\n<p>Spole\u010dnost Hokami CZ s.r.o. se zavazuje k ochran\u011b \u017eivotn\u00edho prost\u0159ed\u00ed prost\u0159ednictv\u00edm n\u011bkolika kl\u00ed\u010dov\u00fdch iniciativ:<\/p>\n\n\n\n<ul class=\"wp-block-list\"><li><strong>Technologie \u0161et\u0159\u00edc\u00ed zdroje<\/strong>: Implementujeme modern\u00ed technologie, kter\u00e9 minimalizuj\u00ed spot\u0159ebu materi\u00e1l\u016f a energie p\u0159i v\u00fdrob\u011b desek plo\u0161n\u00fdch spoj\u016f, \u010d\u00edm\u017e sni\u017eujeme ekologickou stopu na\u0161ich produkt\u016f.<\/li><li><strong>Udr\u017eiteln\u00e1 v\u00fdroba<\/strong>: Na\u0161e v\u00fdrobn\u00ed procesy jsou navr\u017eeny tak, aby byly co nej\u0161etrn\u011bj\u0161\u00ed k \u017eivotn\u00edmu prost\u0159ed\u00ed. To zahrnuje efektivn\u00ed vyu\u017e\u00edv\u00e1n\u00ed zdroj\u016f a minimalizaci odpadu.<\/li><li><strong>Partnerstv\u00ed se zam\u011bstnanci<\/strong>: Podporujeme ekologick\u00e9 pov\u011bdom\u00ed mezi na\u0161imi zam\u011bstnanci a motivujeme je k aktivn\u00edmu zapojen\u00ed do environment\u00e1ln\u00edch iniciativ, co\u017e p\u0159isp\u00edv\u00e1 k udr\u017eiteln\u00e9mu provozu spole\u010dnosti.<\/li><\/ul>\n\n\n\n<p>T\u011bmito kroky se sna\u017e\u00edme nejen plnit o\u010dek\u00e1v\u00e1n\u00ed na\u0161ich z\u00e1kazn\u00edk\u016f, ale tak\u00e9 p\u0159isp\u00edvat k ochran\u011b p\u0159\u00edrodn\u00edch zdroj\u016f a \u017eivotn\u00edho prost\u0159ed\u00ed pro budouc\u00ed generace.<\/p>\n","protected":false},"excerpt":{"rendered":"<p>Spole\u010dnost Hokami CZ s.r.o. se zavazuje k ochran\u011b \u017eivotn\u00edho prost\u0159ed\u00ed prost\u0159ednictv\u00edm n\u011bkolika kl\u00ed\u010dov\u00fdch iniciativ: Technologie \u0161et\u0159\u00edc\u00ed zdroje: Implementujeme modern\u00ed technologie, kter\u00e9 minimalizuj\u00ed spot\u0159ebu materi\u00e1l\u016f a energie p\u0159i v\u00fdrob\u011b desek plo\u0161n\u00fdch spoj\u016f, \u010d\u00edm\u017e sni\u017eujeme ekologickou stopu na\u0161ich produkt\u016f. Udr\u017eiteln\u00e1 v\u00fdroba: Na\u0161e v\u00fdrobn\u00ed procesy jsou navr\u017eeny tak, aby byly co nej\u0161etrn\u011bj\u0161\u00ed k \u017eivotn\u00edmu prost\u0159ed\u00ed. To zahrnuje efektivn\u00ed [&hellip;]<\/p>\n","protected":false},"author":1,"featured_media":2834,"parent":0,"menu_order":0,"comment_status":"closed","ping_status":"closed","template":"","meta":{"_acf_changed":false,"_et_pb_use_builder":"off","_et_pb_old_content":"","_et_gb_content_width":"","footnotes":""},"class_list":["post-2842","page","type-page","status-publish","has-post-thumbnail","hentry"],"acf":[],"_links":{"self":[{"href":"https:\/\/hokami.cz\/cs\/wp-json\/wp\/v2\/pages\/2842","targetHints":{"allow":["GET"]}}],"collection":[{"href":"https:\/\/hokami.cz\/cs\/wp-json\/wp\/v2\/pages"}],"about":[{"href":"https:\/\/hokami.cz\/cs\/wp-json\/wp\/v2\/types\/page"}],"author":[{"embeddable":true,"href":"https:\/\/hokami.cz\/cs\/wp-json\/wp\/v2\/users\/1"}],"replies":[{"embeddable":true,"href":"https:\/\/hokami.cz\/cs\/wp-json\/wp\/v2\/comments?post=2842"}],"version-history":[{"count":1,"href":"https:\/\/hokami.cz\/cs\/wp-json\/wp\/v2\/pages\/2842\/revisions"}],"predecessor-version":[{"id":2843,"href":"https:\/\/hokami.cz\/cs\/wp-json\/wp\/v2\/pages\/2842\/revisions\/2843"}],"wp:featuredmedia":[{"embeddable":true,"href":"https:\/\/hokami.cz\/cs\/wp-json\/wp\/v2\/media\/2834"}],"wp:attachment":[{"href":"https:\/\/hokami.cz\/cs\/wp-json\/wp\/v2\/media?parent=2842"}],"curies":[{"name":"wp","href":"https:\/\/api.w.org\/{rel}","templated":true}]}}