{"id":1350,"date":"2021-10-07T21:28:06","date_gmt":"2021-10-07T21:28:06","guid":{"rendered":"http:\/\/hokami.cz\/?page_id=1350"},"modified":"2022-01-14T09:36:34","modified_gmt":"2022-01-14T08:36:34","slug":"lakovani","status":"publish","type":"page","link":"https:\/\/hokami.cz\/cs\/sluzby\/lakovani\/","title":{"rendered":"Lakov\u00e1n\u00ed"},"content":{"rendered":"\n<h1 class=\"wp-block-heading\">Informace o slu\u017eb\u011b<\/h1>\n\n\n\n<p>D\u016fvodem pro lakov\u00e1n\u00ed osazen\u00fdch DPS nebo jednotliv\u00fdch sou\u010d\u00e1stek je jejich ochrana p\u0159ed vn\u011bj\u0161\u00edmi vlivy prost\u0159ed\u00ed (vlhko, vysok\u00e1 teplota, prach, soli, atp.). Desky plo\u0161n\u00fdch spoj\u016f ur\u010den\u00e9 pro aplikace vystaven\u00e9 t\u011bmto vliv\u016fm lakujeme standardn\u011b laky Peters SL1331N-LF-D\/17 nebo SL1301 ECO-FLZ-23. Kontrola nanesen\u00ed laku se prov\u00e1d\u00ed pod UV sv\u011btlem.<\/p>\n\n\n\n<p><\/p>\n\n\n\n<h2 class=\"wp-block-heading\">Lakujeme:<\/h2>\n\n\n\n<ul class=\"wp-block-list\"><li>Selektivn\u011b i cel\u00e9 DPS<\/li><li>Ponorem<\/li><li>Sprejov\u00e1n\u00edm<\/li><li>Manu\u00e1ln\u011b i automaticky<\/li><\/ul>\n\n\n\n<h2 class=\"wp-block-heading\">Vybaven\u00ed:<\/h2>\n\n\n\n<ul class=\"wp-block-list\"><li>Automat Nordson Asymtek SL-940 s uzav\u0159en\u00fdm vyh\u0159\u00edvan\u00fdm okruhem, automatick\u00fdm laserov\u00fdm m\u011b\u0159en\u00edm, korekc\u00ed \u0161\u00ed\u0159ky paprsku a kamerov\u00fdm okruhem. Tento stroj zvl\u00e1dne lakovat desky osazen\u00e9 jak SMD, tak THT technologi\u00ed.<\/li><li>Su\u0161\u00edc\u00ed in-line pec<\/li><\/ul>\n\n\n\n<div class=\"wp-block-columns is-layout-flex wp-container-core-columns-is-layout-9d6595d7 wp-block-columns-is-layout-flex\">\n<div class=\"wp-block-column is-layout-flow wp-block-column-is-layout-flow\">\n<figure class=\"wp-block-image size-large\"><img loading=\"lazy\" decoding=\"async\" width=\"709\" height=\"400\" src=\"http:\/\/hokami.cz\/wp-content\/uploads\/2021\/10\/lakovani-002-edited.jpg\" alt=\"\" class=\"wp-image-1354\" srcset=\"http:\/\/hokami.cz\/wp-content\/uploads\/2021\/10\/lakovani-002-edited.jpg 709w, http:\/\/hokami.cz\/wp-content\/uploads\/2021\/10\/lakovani-002-edited-480x271.jpg 480w\" sizes=\"auto, (min-width: 0px) and (max-width: 480px) 480px, (min-width: 481px) 709px, 100vw\" \/><\/figure>\n<\/div>\n\n\n\n<div class=\"wp-block-column is-layout-flow wp-block-column-is-layout-flow\">\n<figure class=\"wp-block-image size-large\"><img loading=\"lazy\" decoding=\"async\" width=\"709\" height=\"400\" src=\"http:\/\/hokami.cz\/wp-content\/uploads\/2021\/10\/lakovani-001-edited.jpg\" alt=\"\" class=\"wp-image-1355\" srcset=\"http:\/\/hokami.cz\/wp-content\/uploads\/2021\/10\/lakovani-001-edited.jpg 709w, http:\/\/hokami.cz\/wp-content\/uploads\/2021\/10\/lakovani-001-edited-480x271.jpg 480w\" sizes=\"auto, (min-width: 0px) and (max-width: 480px) 480px, (min-width: 481px) 709px, 100vw\" \/><\/figure>\n<\/div>\n<\/div>\n","protected":false},"excerpt":{"rendered":"<p>Informace o slu\u017eb\u011b D\u016fvodem pro lakov\u00e1n\u00ed osazen\u00fdch DPS nebo jednotliv\u00fdch sou\u010d\u00e1stek je jejich ochrana p\u0159ed vn\u011bj\u0161\u00edmi vlivy prost\u0159ed\u00ed (vlhko, vysok\u00e1 teplota, prach, soli, atp.). Desky plo\u0161n\u00fdch spoj\u016f ur\u010den\u00e9 pro aplikace vystaven\u00e9 t\u011bmto vliv\u016fm lakujeme standardn\u011b laky Peters SL1331N-LF-D\/17 nebo SL1301 ECO-FLZ-23. Kontrola nanesen\u00ed laku se prov\u00e1d\u00ed pod UV sv\u011btlem. Lakujeme: Selektivn\u011b i cel\u00e9 DPS Ponorem [&hellip;]<\/p>\n","protected":false},"author":1,"featured_media":1305,"parent":1023,"menu_order":0,"comment_status":"closed","ping_status":"closed","template":"","meta":{"_acf_changed":false,"_et_pb_use_builder":"off","_et_pb_old_content":"","_et_gb_content_width":"","footnotes":""},"class_list":["post-1350","page","type-page","status-publish","has-post-thumbnail","hentry"],"acf":[],"_links":{"self":[{"href":"https:\/\/hokami.cz\/cs\/wp-json\/wp\/v2\/pages\/1350","targetHints":{"allow":["GET"]}}],"collection":[{"href":"https:\/\/hokami.cz\/cs\/wp-json\/wp\/v2\/pages"}],"about":[{"href":"https:\/\/hokami.cz\/cs\/wp-json\/wp\/v2\/types\/page"}],"author":[{"embeddable":true,"href":"https:\/\/hokami.cz\/cs\/wp-json\/wp\/v2\/users\/1"}],"replies":[{"embeddable":true,"href":"https:\/\/hokami.cz\/cs\/wp-json\/wp\/v2\/comments?post=1350"}],"version-history":[{"count":6,"href":"https:\/\/hokami.cz\/cs\/wp-json\/wp\/v2\/pages\/1350\/revisions"}],"predecessor-version":[{"id":2324,"href":"https:\/\/hokami.cz\/cs\/wp-json\/wp\/v2\/pages\/1350\/revisions\/2324"}],"up":[{"embeddable":true,"href":"https:\/\/hokami.cz\/cs\/wp-json\/wp\/v2\/pages\/1023"}],"wp:featuredmedia":[{"embeddable":true,"href":"https:\/\/hokami.cz\/cs\/wp-json\/wp\/v2\/media\/1305"}],"wp:attachment":[{"href":"https:\/\/hokami.cz\/cs\/wp-json\/wp\/v2\/media?parent=1350"}],"curies":[{"name":"wp","href":"https:\/\/api.w.org\/{rel}","templated":true}]}}