{"id":1343,"date":"2021-10-07T21:23:09","date_gmt":"2021-10-07T21:23:09","guid":{"rendered":"http:\/\/hokami.cz\/?page_id=1343"},"modified":"2022-01-14T09:35:40","modified_gmt":"2022-01-14T08:35:40","slug":"testovani","status":"publish","type":"page","link":"https:\/\/hokami.cz\/cs\/sluzby\/testovani\/","title":{"rendered":"Testov\u00e1n\u00ed"},"content":{"rendered":"\n<h1 class=\"wp-block-heading\">Informace o slu\u017eb\u011b<\/h1>\n\n\n\n<p>Pro kvalitu koncov\u00fdch produkt\u016f je d\u016fle\u017eit\u00e1 kontrola v\u00fdrobn\u00edho procesu od jeho za\u010d\u00e1tku a\u017e do konce. Proces v\u00fdroby je \u0159\u00edzen dle standardu IPC-A-610-E. Zaji\u0161t\u011bn\u00ed \u010distoty DPS, kter\u00e1 je d\u016fle\u017eit\u00fdm faktorem ovliv\u0148uj\u00edc\u00edm kvalitu, prob\u00edh\u00e1 v souladu s IPC-CH-65B. B\u011bhem v\u00fdrobn\u00edho procesu a p\u0159ed vlastn\u00ed expedic\u00ed desky testujeme n\u00e1sleduj\u00edc\u00edmi metodami:<\/p>\n\n\n\n<p><\/p>\n\n\n\n<p>Automatick\u00e1 optick\u00e1 inspekce (AOI)<\/p>\n\n\n\n<ul class=\"wp-block-list\"><li>1x SAKI Bf-Comet-e<\/li><li>4x SAKI Bf-Sirius<\/li><li>1x SAKI 3Di-LS2-L<\/li><li>Endoskop (BGA Inspection camera)<\/li><\/ul>\n\n\n\n<p>In-Circuit test<\/p>\n\n\n\n<ul class=\"wp-block-list\"><li>3x Reinhardt ATS-KMFT 470 with Type 147 Manual Test Fixture<\/li><li>Reinhardt ATS-KMFT 670M-5 with Type 42A-3 Manual Test Fixture<\/li><li>Type52L Manual Test Fixture pro testov\u00e1n\u00ed nadrozm\u011brn\u00fdch DPS<\/li><\/ul>\n\n\n\n<p>Funk\u010dn\u00ed test<\/p>\n\n\n\n<ul class=\"wp-block-list\"><li>Kompletn\u00ed funk\u010dn\u00ed test \u2013 I2C<\/li><li>Mechanick\u00e9 testy<\/li><li>Vizu\u00e1ln\u00ed test<\/li><li>Camera test<\/li><\/ul>\n\n\n\n<p>Burn-in test<\/p>\n\n\n\n<ul class=\"wp-block-list\"><li>Vysokonap\u011b\u0165ov\u00fd test<\/li><\/ul>\n\n\n\n<p>Kompletn\u00ed funk\u010dn\u00ed test \u2013 I2C, RS232, Bluetooth, programov\u00e1n\u00ed<\/p>\n\n\n\n<p>Mechanick\u00e9 testy \u2013 automatick\u00fd test tla\u010d\u00edtek, p\u0159ep\u00edna\u010d\u016f, p\u00e1\u010dkov\u00fdch sp\u00edna\u010d\u016f, magnetick\u00e9 rel\u00e9 (reed switch)<\/p>\n\n\n\n<p>Vizu\u00e1ln\u00ed test (automatick\u00e9 m\u011b\u0159en\u00ed v\u00fd\u0161ky a polohy sou\u010d\u00e1stek)<\/p>\n\n\n\n<p>Camera test (m\u011b\u0159en\u00ed LED a dislej\u016f \u2013 m\u011b\u0159en\u00ed vlnov\u00e9 d\u00e9lky a intenzity sv\u011btla)<\/p>\n\n\n\n<p>Test zvuku (buzzer test \u2013 m\u011b\u0159en\u00ed frekvence a intenzity zvuku)<\/p>\n\n\n\n<p>Vysokonap\u011b\u0165ov\u00fd test ( HV Test \u2013 jak AC tak DC )<\/p>\n","protected":false},"excerpt":{"rendered":"<p>Informace o slu\u017eb\u011b Pro kvalitu koncov\u00fdch produkt\u016f je d\u016fle\u017eit\u00e1 kontrola v\u00fdrobn\u00edho procesu od jeho za\u010d\u00e1tku a\u017e do konce. Proces v\u00fdroby je \u0159\u00edzen dle standardu IPC-A-610-E. Zaji\u0161t\u011bn\u00ed \u010distoty DPS, kter\u00e1 je d\u016fle\u017eit\u00fdm faktorem ovliv\u0148uj\u00edc\u00edm kvalitu, prob\u00edh\u00e1 v souladu s IPC-CH-65B. B\u011bhem v\u00fdrobn\u00edho procesu a p\u0159ed vlastn\u00ed expedic\u00ed desky testujeme n\u00e1sleduj\u00edc\u00edmi metodami: Automatick\u00e1 optick\u00e1 inspekce (AOI) 1x [&hellip;]<\/p>\n","protected":false},"author":1,"featured_media":1297,"parent":1023,"menu_order":0,"comment_status":"closed","ping_status":"closed","template":"","meta":{"_acf_changed":false,"_et_pb_use_builder":"off","_et_pb_old_content":"","_et_gb_content_width":"","footnotes":""},"class_list":["post-1343","page","type-page","status-publish","has-post-thumbnail","hentry"],"acf":[],"_links":{"self":[{"href":"https:\/\/hokami.cz\/cs\/wp-json\/wp\/v2\/pages\/1343","targetHints":{"allow":["GET"]}}],"collection":[{"href":"https:\/\/hokami.cz\/cs\/wp-json\/wp\/v2\/pages"}],"about":[{"href":"https:\/\/hokami.cz\/cs\/wp-json\/wp\/v2\/types\/page"}],"author":[{"embeddable":true,"href":"https:\/\/hokami.cz\/cs\/wp-json\/wp\/v2\/users\/1"}],"replies":[{"embeddable":true,"href":"https:\/\/hokami.cz\/cs\/wp-json\/wp\/v2\/comments?post=1343"}],"version-history":[{"count":6,"href":"https:\/\/hokami.cz\/cs\/wp-json\/wp\/v2\/pages\/1343\/revisions"}],"predecessor-version":[{"id":2323,"href":"https:\/\/hokami.cz\/cs\/wp-json\/wp\/v2\/pages\/1343\/revisions\/2323"}],"up":[{"embeddable":true,"href":"https:\/\/hokami.cz\/cs\/wp-json\/wp\/v2\/pages\/1023"}],"wp:featuredmedia":[{"embeddable":true,"href":"https:\/\/hokami.cz\/cs\/wp-json\/wp\/v2\/media\/1297"}],"wp:attachment":[{"href":"https:\/\/hokami.cz\/cs\/wp-json\/wp\/v2\/media?parent=1343"}],"curies":[{"name":"wp","href":"https:\/\/api.w.org\/{rel}","templated":true}]}}