{"id":1334,"date":"2021-10-07T21:19:32","date_gmt":"2021-10-07T21:19:32","guid":{"rendered":"http:\/\/hokami.cz\/?page_id=1334"},"modified":"2022-01-14T09:33:15","modified_gmt":"2022-01-14T08:33:15","slug":"cisteni","status":"publish","type":"page","link":"https:\/\/hokami.cz\/cs\/sluzby\/cisteni\/","title":{"rendered":"\u010ci\u0161t\u011bn\u00ed"},"content":{"rendered":"\n<h1 class=\"wp-block-heading\">Informace o slu\u017eb\u011b<\/h1>\n\n\n\n<p>\u010cistota plo\u0161n\u00fdch spoj\u016f je d\u016fle\u017eit\u00fdm faktorem ovliv\u0148uj\u00edc\u00edm kvalitu koncov\u00e9ho produktu. Zaji\u0161t\u011bn\u00ed \u010distoty v pr\u016fb\u011bhu cel\u00e9ho v\u00fdrobn\u00edho procesu prob\u00edh\u00e1 podle standardu IPC-CH-65B.<\/p>\n\n\n\n<p>Samoz\u0159ejmost\u00ed je pou\u017e\u00edv\u00e1n\u00ed bezoplachov\u00fdch p\u00e1jec\u00edch past a tavidel \u201eNO CLEAN\u201c v cel\u00e9m v\u00fdrobn\u00edm procesu.<\/p>\n\n\n\n<p>Osazen\u00e9 desky plo\u0161n\u00fdch spoj\u016f&nbsp;jsou po p\u00e1jen\u00ed zbavov\u00e1ny ne\u010distot dle po\u017eadavk\u016f z\u00e1kazn\u00edka na povrchovou \u010distotu. Maxim\u00e1ln\u00ed \u010distoty dosahujeme v&nbsp;myc\u00edm automatu s&nbsp;ultrazvukov\u00fdm a post\u0159ikov\u00fdm modulem.<\/p>\n\n\n\n<p><\/p>\n\n\n\n<h2 class=\"wp-block-heading\">Vybaven\u00ed:<\/h2>\n\n\n\n<ul class=\"wp-block-list\"><li>Myc\u00ed automat PBT ModuleClean s ultrazvukov\u00fdm a post\u0159ikov\u00fdm modulem.<\/li><li>3x MDX01<\/li><li>Ultrazvukov\u00e9 my\u010dky s \u010dasov\u00e1n\u00edm a regulac\u00ed teploty l\u00e1zn\u011b<\/li><\/ul>\n\n\n\n<div class=\"wp-block-columns is-layout-flex wp-container-core-columns-is-layout-9d6595d7 wp-block-columns-is-layout-flex\">\n<div class=\"wp-block-column is-layout-flow wp-block-column-is-layout-flow\">\n<figure class=\"wp-block-image size-large\"><img loading=\"lazy\" decoding=\"async\" width=\"709\" height=\"400\" src=\"http:\/\/hokami.cz\/wp-content\/uploads\/2021\/10\/cisteni-dps-001-edited.jpg\" alt=\"\" class=\"wp-image-1339\" srcset=\"http:\/\/hokami.cz\/wp-content\/uploads\/2021\/10\/cisteni-dps-001-edited.jpg 709w, http:\/\/hokami.cz\/wp-content\/uploads\/2021\/10\/cisteni-dps-001-edited-480x271.jpg 480w\" sizes=\"auto, (min-width: 0px) and (max-width: 480px) 480px, (min-width: 481px) 709px, 100vw\" \/><\/figure>\n<\/div>\n\n\n\n<div class=\"wp-block-column is-layout-flow wp-block-column-is-layout-flow\">\n<figure class=\"wp-block-image size-large\"><img loading=\"lazy\" decoding=\"async\" width=\"709\" height=\"400\" src=\"http:\/\/hokami.cz\/wp-content\/uploads\/2021\/10\/cisteni-dps-002-edited.jpg\" alt=\"\" class=\"wp-image-1341\" srcset=\"http:\/\/hokami.cz\/wp-content\/uploads\/2021\/10\/cisteni-dps-002-edited.jpg 709w, http:\/\/hokami.cz\/wp-content\/uploads\/2021\/10\/cisteni-dps-002-edited-480x271.jpg 480w\" sizes=\"auto, (min-width: 0px) and (max-width: 480px) 480px, (min-width: 481px) 709px, 100vw\" \/><\/figure>\n<\/div>\n<\/div>\n","protected":false},"excerpt":{"rendered":"<p>Informace o slu\u017eb\u011b \u010cistota plo\u0161n\u00fdch spoj\u016f je d\u016fle\u017eit\u00fdm faktorem ovliv\u0148uj\u00edc\u00edm kvalitu koncov\u00e9ho produktu. Zaji\u0161t\u011bn\u00ed \u010distoty v pr\u016fb\u011bhu cel\u00e9ho v\u00fdrobn\u00edho procesu prob\u00edh\u00e1 podle standardu IPC-CH-65B. Samoz\u0159ejmost\u00ed je pou\u017e\u00edv\u00e1n\u00ed bezoplachov\u00fdch p\u00e1jec\u00edch past a tavidel \u201eNO CLEAN\u201c v cel\u00e9m v\u00fdrobn\u00edm procesu. Osazen\u00e9 desky plo\u0161n\u00fdch spoj\u016f&nbsp;jsou po p\u00e1jen\u00ed zbavov\u00e1ny ne\u010distot dle po\u017eadavk\u016f z\u00e1kazn\u00edka na povrchovou \u010distotu. Maxim\u00e1ln\u00ed \u010distoty dosahujeme [&hellip;]<\/p>\n","protected":false},"author":1,"featured_media":1298,"parent":1023,"menu_order":0,"comment_status":"closed","ping_status":"closed","template":"","meta":{"_acf_changed":false,"_et_pb_use_builder":"off","_et_pb_old_content":"","_et_gb_content_width":"","footnotes":""},"class_list":["post-1334","page","type-page","status-publish","has-post-thumbnail","hentry"],"acf":[],"_links":{"self":[{"href":"https:\/\/hokami.cz\/cs\/wp-json\/wp\/v2\/pages\/1334","targetHints":{"allow":["GET"]}}],"collection":[{"href":"https:\/\/hokami.cz\/cs\/wp-json\/wp\/v2\/pages"}],"about":[{"href":"https:\/\/hokami.cz\/cs\/wp-json\/wp\/v2\/types\/page"}],"author":[{"embeddable":true,"href":"https:\/\/hokami.cz\/cs\/wp-json\/wp\/v2\/users\/1"}],"replies":[{"embeddable":true,"href":"https:\/\/hokami.cz\/cs\/wp-json\/wp\/v2\/comments?post=1334"}],"version-history":[{"count":6,"href":"https:\/\/hokami.cz\/cs\/wp-json\/wp\/v2\/pages\/1334\/revisions"}],"predecessor-version":[{"id":2321,"href":"https:\/\/hokami.cz\/cs\/wp-json\/wp\/v2\/pages\/1334\/revisions\/2321"}],"up":[{"embeddable":true,"href":"https:\/\/hokami.cz\/cs\/wp-json\/wp\/v2\/pages\/1023"}],"wp:featuredmedia":[{"embeddable":true,"href":"https:\/\/hokami.cz\/cs\/wp-json\/wp\/v2\/media\/1298"}],"wp:attachment":[{"href":"https:\/\/hokami.cz\/cs\/wp-json\/wp\/v2\/media?parent=1334"}],"curies":[{"name":"wp","href":"https:\/\/api.w.org\/{rel}","templated":true}]}}