{"id":1023,"date":"2021-10-06T22:34:13","date_gmt":"2021-10-06T22:34:13","guid":{"rendered":"http:\/\/hokami.cz\/?page_id=1023"},"modified":"2022-10-30T17:43:13","modified_gmt":"2022-10-30T16:43:13","slug":"sluzby","status":"publish","type":"page","link":"https:\/\/hokami.cz\/cs\/sluzby\/","title":{"rendered":"Slu\u017eby"},"content":{"rendered":"<p>[et_pb_section fb_built=&#8220;1&#8243; _builder_version=&#8220;4.10.3&#8243; _module_preset=&#8220;default&#8220; global_colors_info=&#8220;{}&#8220; theme_builder_area=&#8220;post_content&#8220;][et_pb_row _builder_version=&#8220;4.10.3&#8243; background_size=&#8220;initial&#8220; background_position=&#8220;top_left&#8220; background_repeat=&#8220;repeat&#8220; width=&#8220;100%&#8220; width_tablet=&#8220;100px&#8220; width_phone=&#8220;&#8220; width_last_edited=&#8220;on|tablet&#8220; custom_css_main_element=&#8220;width: 100%!important&#8220; global_colors_info=&#8220;{}&#8220; theme_builder_area=&#8220;post_content&#8220;][et_pb_column type=&#8220;4_4&#8243; _builder_version=&#8220;3.25&#8243; custom_padding=&#8220;|||&#8220; global_colors_info=&#8220;{}&#8220; custom_padding__hover=&#8220;|||&#8220; theme_builder_area=&#8220;post_content&#8220;][et_pb_text _builder_version=&#8220;4.10.3&#8243; background_size=&#8220;initial&#8220; background_position=&#8220;top_left&#8220; background_repeat=&#8220;repeat&#8220; global_colors_info=&#8220;{}&#8220; theme_builder_area=&#8220;post_content&#8220;]<\/p>\n<h1>V na\u0161\u00ed nab\u00eddce naleznete tyto slu\u017eby<\/h1>\n<p>Spole\u010dnost Hokami nab\u00edz\u00ed \u0161irok\u00e9 portfolio slu\u017eeb v oblasti plo\u0161n\u00fdch spoj\u016f. Stav\u00edme si na tom, \u017ee jsme flexibiln\u00ed a slu\u017eby jsme schopni dod\u00e1vat i v expresn\u00edch term\u00ednech. Na slu\u017eby pros\u00edm pokra\u010dujte kliknut\u00edm na &#8222;prozkoumat&#8220; v jednom z panel\u016f n\u00ed\u017ee.<\/p>\n<p>[\/et_pb_text][\/et_pb_column][\/et_pb_row][et_pb_row column_structure=&#8220;1_3,1_3,1_3&#8243; use_custom_gutter=&#8220;on&#8220; _builder_version=&#8220;4.14.2&#8243; background_size=&#8220;initial&#8220; background_position=&#8220;top_left&#8220; background_repeat=&#8220;repeat&#8220; width=&#8220;100%&#8220; width_tablet=&#8220;100px&#8220; width_phone=&#8220;&#8220; width_last_edited=&#8220;on|tablet&#8220; hover_enabled=&#8220;0&#8243; custom_css_main_element=&#8220;width: 100%!important&#8220; global_colors_info=&#8220;{}&#8220; theme_builder_area=&#8220;post_content&#8220; sticky_enabled=&#8220;0&#8243; custom_padding_last_edited=&#8220;on|phone&#8220; custom_padding_phone=&#8220;|15px||15px|false|true&#8220;][et_pb_column type=&#8220;1_3&#8243; _builder_version=&#8220;4.14.2&#8243; hover_enabled=&#8220;0&#8243; border_radii=&#8220;on|20px|20px|20px|20px&#8220; box_shadow_style=&#8220;preset1&#8243; box_shadow_color=&#8220;rgba(0,0,0,0.2)&#8220; global_colors_info=&#8220;{}&#8220; custom_padding__hover=&#8220;|||&#8220; theme_builder_area=&#8220;post_content&#8220; sticky_enabled=&#8220;0&#8243; background_color=&#8220;#FFFFFF&#8220;][et_pb_text _builder_version=&#8220;4.14.2&#8243; _module_preset=&#8220;default&#8220; background_image=&#8220;https:\/\/hokami.cz\/wp-content\/uploads\/2021\/10\/osazovani-001.jpg&#8220; min_height=&#8220;150px&#8220; border_radii=&#8220;off|20px|20px||&#8220; global_colors_info=&#8220;{}&#8220; theme_builder_area=&#8220;post_content&#8220;][\/et_pb_text][et_pb_text _builder_version=&#8220;4.14.2&#8243; _module_preset=&#8220;default&#8220; header_3_text_align=&#8220;center&#8220; header_3_font_size=&#8220;24px&#8220; text_orientation=&#8220;center&#8220; hover_enabled=&#8220;0&#8243; global_colors_info=&#8220;{}&#8220; theme_builder_area=&#8220;post_content&#8220; custom_margin=&#8220;20px||20px||true|false&#8220; sticky_enabled=&#8220;0&#8243;]<\/p>\n<h3>Osazov\u00e1n\u00ed<\/h3>\n<p>[\/et_pb_text][et_pb_text _builder_version=&#8220;4.14.2&#8243; _module_preset=&#8220;default&#8220; link_text_align=&#8220;center&#8220; text_orientation=&#8220;center&#8220; custom_margin=&#8220;40px||40px||true|false&#8220; link_option_url=&#8220;\/sluzby\/osazovani&#8220; hover_enabled=&#8220;0&#8243; global_colors_info=&#8220;{}&#8220; theme_builder_area=&#8220;post_content&#8220; sticky_enabled=&#8220;0&#8243;]<\/p>\n<p><a href=\"\/sluzby\/osazovani\" id=\"noline\" class=\"btn\">PROZKOUMAT \u25b8<\/a><\/p>\n<p>[\/et_pb_text][\/et_pb_column][et_pb_column type=&#8220;1_3&#8243; _builder_version=&#8220;4.14.2&#8243; hover_enabled=&#8220;0&#8243; border_radii=&#8220;on|20px|20px|20px|20px&#8220; box_shadow_style=&#8220;preset1&#8243; box_shadow_spread=&#8220;1px&#8220; box_shadow_color=&#8220;rgba(0,0,0,0.2)&#8220; global_colors_info=&#8220;{}&#8220; custom_padding__hover=&#8220;|||&#8220; theme_builder_area=&#8220;post_content&#8220; background_color=&#8220;#FFFFFF&#8220; sticky_enabled=&#8220;0&#8243;][et_pb_text _builder_version=&#8220;4.14.2&#8243; _module_preset=&#8220;default&#8220; background_image=&#8220;https:\/\/hokami.cz\/wp-content\/uploads\/2021\/10\/pajeni-001.jpg&#8220; min_height=&#8220;150px&#8220; border_radii=&#8220;off|20px|20px||&#8220; global_colors_info=&#8220;{}&#8220; theme_builder_area=&#8220;post_content&#8220;][\/et_pb_text][et_pb_text _builder_version=&#8220;4.14.2&#8243; _module_preset=&#8220;default&#8220; header_3_text_align=&#8220;center&#8220; header_3_font_size=&#8220;24px&#8220; text_orientation=&#8220;center&#8220; hover_enabled=&#8220;0&#8243; global_colors_info=&#8220;{}&#8220; theme_builder_area=&#8220;post_content&#8220; custom_margin=&#8220;20px||20px||true|false&#8220; sticky_enabled=&#8220;0&#8243;]<\/p>\n<h3>P\u00e1jen\u00ed<\/h3>\n<p>[\/et_pb_text][et_pb_text _builder_version=&#8220;4.14.2&#8243; _module_preset=&#8220;default&#8220; link_text_align=&#8220;center&#8220; text_orientation=&#8220;center&#8220; custom_margin=&#8220;40px||40px||true|false&#8220; link_option_url=&#8220;\/sluzby\/osazovani&#8220; global_colors_info=&#8220;{}&#8220; theme_builder_area=&#8220;post_content&#8220;]<\/p>\n<p><a href=\"\/sluzby\/pajeni\" id=\"noline\" class=\"btn\">PROZKOUMAT \u25b8<\/a><\/p>\n<p>[\/et_pb_text][\/et_pb_column][et_pb_column type=&#8220;1_3&#8243; _builder_version=&#8220;4.14.2&#8243; hover_enabled=&#8220;0&#8243; border_radii=&#8220;on|20px|20px|20px|20px&#8220; box_shadow_style=&#8220;preset1&#8243; box_shadow_spread=&#8220;1px&#8220; box_shadow_color=&#8220;rgba(0,0,0,0.2)&#8220; global_colors_info=&#8220;{}&#8220; custom_padding__hover=&#8220;|||&#8220; theme_builder_area=&#8220;post_content&#8220; background_color=&#8220;#FFFFFF&#8220; sticky_enabled=&#8220;0&#8243;][et_pb_text _builder_version=&#8220;4.14.2&#8243; _module_preset=&#8220;default&#8220; background_image=&#8220;https:\/\/hokami.cz\/wp-content\/uploads\/2021\/10\/cisteni-dps-001-edited.jpg&#8220; min_height=&#8220;150px&#8220; hover_enabled=&#8220;0&#8243; border_radii=&#8220;off|20px|20px||&#8220; global_colors_info=&#8220;{}&#8220; theme_builder_area=&#8220;post_content&#8220; title_text=&#8220;cisteni-dps-001&#8243; sticky_enabled=&#8220;0&#8243;][\/et_pb_text][et_pb_text _builder_version=&#8220;4.14.2&#8243; _module_preset=&#8220;default&#8220; header_3_text_align=&#8220;center&#8220; header_3_font_size=&#8220;24px&#8220; text_orientation=&#8220;center&#8220; hover_enabled=&#8220;0&#8243; global_colors_info=&#8220;{}&#8220; theme_builder_area=&#8220;post_content&#8220; sticky_enabled=&#8220;0&#8243; custom_margin=&#8220;20px||20px||true|false&#8220;]<\/p>\n<h3>\u010ci\u0161t\u011bn\u00ed<\/h3>\n<p>[\/et_pb_text][et_pb_text _builder_version=&#8220;4.14.2&#8243; _module_preset=&#8220;default&#8220; link_text_align=&#8220;center&#8220; text_orientation=&#8220;center&#8220; hover_enabled=&#8220;0&#8243; global_colors_info=&#8220;{}&#8220; theme_builder_area=&#8220;post_content&#8220; custom_margin=&#8220;40px||40px||true|false&#8220; sticky_enabled=&#8220;0&#8243;]<\/p>\n<p><a href=\"\/sluzby\/cisteni\" id=\"noline\" class=\"btn\">PROZKOUMAT \u25b8<\/a><\/p>\n<p>[\/et_pb_text][\/et_pb_column][\/et_pb_row][et_pb_row column_structure=&#8220;1_3,1_3,1_3&#8243; use_custom_gutter=&#8220;on&#8220; _builder_version=&#8220;4.14.2&#8243; background_size=&#8220;initial&#8220; background_position=&#8220;top_left&#8220; background_repeat=&#8220;repeat&#8220; width=&#8220;100%&#8220; width_tablet=&#8220;100px&#8220; width_phone=&#8220;&#8220; width_last_edited=&#8220;on|tablet&#8220; hover_enabled=&#8220;0&#8243; custom_css_main_element=&#8220;width: 100%!important&#8220; global_colors_info=&#8220;{}&#8220; theme_builder_area=&#8220;post_content&#8220; sticky_enabled=&#8220;0&#8243; custom_margin_last_edited=&#8220;off|desktop&#8220; custom_padding=&#8220;||||false|true&#8220; custom_padding_last_edited=&#8220;on|tablet&#8220; custom_padding_phone=&#8220;|15px||15px|false|true&#8220; custom_padding_tablet=&#8220;||||false|true&#8220;][et_pb_column type=&#8220;1_3&#8243; _builder_version=&#8220;4.14.2&#8243; hover_enabled=&#8220;0&#8243; border_radii=&#8220;on|20px|20px|20px|20px&#8220; box_shadow_style=&#8220;preset1&#8243; box_shadow_spread=&#8220;1px&#8220; box_shadow_color=&#8220;rgba(0,0,0,0.2)&#8220; global_colors_info=&#8220;{}&#8220; custom_padding__hover=&#8220;|||&#8220; theme_builder_area=&#8220;post_content&#8220; background_color=&#8220;#FFFFFF&#8220; sticky_enabled=&#8220;0&#8243;][et_pb_text _builder_version=&#8220;4.14.2&#8243; _module_preset=&#8220;default&#8220; background_image=&#8220;https:\/\/hokami.cz\/wp-content\/uploads\/2021\/10\/aoi-001.jpg&#8220; min_height=&#8220;150px&#8220; hover_enabled=&#8220;0&#8243; border_radii=&#8220;off|20px|20px||&#8220; global_colors_info=&#8220;{}&#8220; theme_builder_area=&#8220;post_content&#8220; title_text=&#8220;foto: (c) Ji\u0159\u00ed \u010c\u00e1stka, www.FotoBanka.net&#8220; sticky_enabled=&#8220;0&#8243;][\/et_pb_text][et_pb_text _builder_version=&#8220;4.14.2&#8243; _module_preset=&#8220;default&#8220; header_3_text_align=&#8220;center&#8220; header_3_font_size=&#8220;24px&#8220; text_orientation=&#8220;center&#8220; hover_enabled=&#8220;0&#8243; global_colors_info=&#8220;{}&#8220; theme_builder_area=&#8220;post_content&#8220; sticky_enabled=&#8220;0&#8243; custom_margin=&#8220;20px||20px||true|false&#8220;]<\/p>\n<h3>Testov\u00e1n\u00ed<\/h3>\n<p>[\/et_pb_text][et_pb_text _builder_version=&#8220;4.14.2&#8243; _module_preset=&#8220;default&#8220; link_text_align=&#8220;center&#8220; text_orientation=&#8220;center&#8220; link_option_url=&#8220;\/sluzby\/osazovani&#8220; hover_enabled=&#8220;0&#8243; global_colors_info=&#8220;{}&#8220; theme_builder_area=&#8220;post_content&#8220; custom_margin=&#8220;40px||40px||true|false&#8220; sticky_enabled=&#8220;0&#8243;]<\/p>\n<p><a href=\"\/sluzby\/testovani\" id=\"noline\" class=\"btn\">PROZKOUMAT \u25b8<\/a><\/p>\n<p>[\/et_pb_text][\/et_pb_column][et_pb_column type=&#8220;1_3&#8243; _builder_version=&#8220;4.14.2&#8243; hover_enabled=&#8220;0&#8243; border_radii=&#8220;on|20px|20px|20px|20px&#8220; box_shadow_style=&#8220;preset1&#8243; box_shadow_spread=&#8220;1px&#8220; box_shadow_color=&#8220;rgba(0,0,0,0.2)&#8220; global_colors_info=&#8220;{}&#8220; custom_padding__hover=&#8220;|||&#8220; theme_builder_area=&#8220;post_content&#8220; background_color=&#8220;#FFFFFF&#8220; sticky_enabled=&#8220;0&#8243;][et_pb_text _builder_version=&#8220;4.14.2&#8243; _module_preset=&#8220;default&#8220; background_image=&#8220;https:\/\/hokami.cz\/wp-content\/uploads\/2021\/10\/lakovani-002.jpg&#8220; min_height=&#8220;150px&#8220; hover_enabled=&#8220;0&#8243; border_radii=&#8220;off|20px|20px||&#8220; global_colors_info=&#8220;{}&#8220; theme_builder_area=&#8220;post_content&#8220; title_text=&#8220;foto: (c) Ji\u0159\u00ed \u010c\u00e1stka, www.FotoBanka.net&#8220; sticky_enabled=&#8220;0&#8243;][\/et_pb_text][et_pb_text _builder_version=&#8220;4.14.2&#8243; _module_preset=&#8220;default&#8220; header_3_text_align=&#8220;center&#8220; header_3_font_size=&#8220;24px&#8220; text_orientation=&#8220;center&#8220; hover_enabled=&#8220;0&#8243; global_colors_info=&#8220;{}&#8220; theme_builder_area=&#8220;post_content&#8220; sticky_enabled=&#8220;0&#8243; custom_margin=&#8220;20px||20px||true|false&#8220;]<\/p>\n<h3>Lakov\u00e1n\u00ed<\/h3>\n<p>[\/et_pb_text][et_pb_text _builder_version=&#8220;4.14.2&#8243; _module_preset=&#8220;default&#8220; link_text_align=&#8220;center&#8220; text_orientation=&#8220;center&#8220; link_option_url=&#8220;\/sluzby\/osazovani&#8220; hover_enabled=&#8220;0&#8243; global_colors_info=&#8220;{}&#8220; theme_builder_area=&#8220;post_content&#8220; custom_margin=&#8220;40px||40px||true|false&#8220; sticky_enabled=&#8220;0&#8243;]<\/p>\n<p><a href=\"\/sluzby\/lakovani\" id=\"noline\" class=\"btn\">PROZKOUMAT \u25b8<\/a><\/p>\n<p>[\/et_pb_text][\/et_pb_column][et_pb_column type=&#8220;1_3&#8243; _builder_version=&#8220;4.14.2&#8243; hover_enabled=&#8220;0&#8243; border_radii=&#8220;on|20px|20px|20px|20px&#8220; box_shadow_style=&#8220;preset1&#8243; box_shadow_spread=&#8220;1px&#8220; box_shadow_color=&#8220;rgba(0,0,0,0.2)&#8220; global_colors_info=&#8220;{}&#8220; custom_padding__hover=&#8220;|||&#8220; theme_builder_area=&#8220;post_content&#8220; background_color=&#8220;#FFFFFF&#8220; sticky_enabled=&#8220;0&#8243;][et_pb_text _builder_version=&#8220;4.14.2&#8243; _module_preset=&#8220;default&#8220; background_image=&#8220;https:\/\/hokami.cz\/wp-content\/uploads\/2021\/10\/kompletace-002.jpg&#8220; min_height=&#8220;150px&#8220; hover_enabled=&#8220;0&#8243; border_radii=&#8220;off|20px|20px||&#8220; global_colors_info=&#8220;{}&#8220; theme_builder_area=&#8220;post_content&#8220; title_text=&#8220;foto: (c) Ji\u0159\u00ed \u010c\u00e1stka, www.FotoBanka.net&#8220; sticky_enabled=&#8220;0&#8243;][\/et_pb_text][et_pb_text _builder_version=&#8220;4.14.2&#8243; _module_preset=&#8220;default&#8220; header_3_text_align=&#8220;center&#8220; header_3_font_size=&#8220;24px&#8220; text_orientation=&#8220;center&#8220; hover_enabled=&#8220;0&#8243; global_colors_info=&#8220;{}&#8220; theme_builder_area=&#8220;post_content&#8220; sticky_enabled=&#8220;0&#8243; custom_margin=&#8220;20px||20px||true|false&#8220;]<\/p>\n<h3>Kompletace<\/h3>\n<p>[\/et_pb_text][et_pb_text _builder_version=&#8220;4.14.2&#8243; _module_preset=&#8220;default&#8220; link_text_align=&#8220;center&#8220; text_orientation=&#8220;center&#8220; hover_enabled=&#8220;0&#8243; global_colors_info=&#8220;{}&#8220; theme_builder_area=&#8220;post_content&#8220; custom_margin=&#8220;40px||40px||true|false&#8220; sticky_enabled=&#8220;0&#8243;]<\/p>\n<p><a href=\"\/sluzby\/kompletace\" id=\"noline\" class=\"btn\">PROZKOUMAT \u25b8<\/a><\/p>\n<p>[\/et_pb_text][\/et_pb_column][\/et_pb_row][et_pb_row column_structure=&#8220;1_3,1_3,1_3&#8243; use_custom_gutter=&#8220;on&#8220; _builder_version=&#8220;4.14.2&#8243; background_size=&#8220;initial&#8220; background_position=&#8220;top_left&#8220; background_repeat=&#8220;repeat&#8220; width=&#8220;100%&#8220; width_tablet=&#8220;100px&#8220; width_phone=&#8220;&#8220; width_last_edited=&#8220;on|tablet&#8220; hover_enabled=&#8220;0&#8243; custom_css_main_element=&#8220;width: 100%!important&#8220; global_colors_info=&#8220;{}&#8220; theme_builder_area=&#8220;post_content&#8220; sticky_enabled=&#8220;0&#8243; custom_margin_last_edited=&#8220;off|desktop&#8220; custom_padding=&#8220;||||false|true&#8220; custom_padding_last_edited=&#8220;on|desktop&#8220; custom_padding_phone=&#8220;|15px||15px|false|true&#8220; custom_padding_tablet=&#8220;||||false|true&#8220;][et_pb_column type=&#8220;1_3&#8243; _builder_version=&#8220;4.14.2&#8243; hover_enabled=&#8220;0&#8243; border_radii=&#8220;on|20px|20px|20px|20px&#8220; box_shadow_style=&#8220;preset1&#8243; box_shadow_spread=&#8220;1px&#8220; box_shadow_color=&#8220;rgba(0,0,0,0.2)&#8220; global_colors_info=&#8220;{}&#8220; custom_padding__hover=&#8220;|||&#8220; theme_builder_area=&#8220;post_content&#8220; background_color=&#8220;#FFFFFF&#8220; sticky_enabled=&#8220;0&#8243;][et_pb_text _builder_version=&#8220;4.14.2&#8243; _module_preset=&#8220;default&#8220; background_image=&#8220;https:\/\/hokami.cz\/wp-content\/uploads\/2021\/10\/dps-001.jpg&#8220; min_height=&#8220;150px&#8220; hover_enabled=&#8220;0&#8243; border_radii=&#8220;off|20px|20px||&#8220; global_colors_info=&#8220;{}&#8220; theme_builder_area=&#8220;post_content&#8220; title_text=&#8220;foto: (c) Ji\u0159\u00ed \u010c\u00e1stka, www.FotoBanka.net&#8220; sticky_enabled=&#8220;0&#8243;][\/et_pb_text][et_pb_text _builder_version=&#8220;4.14.2&#8243; _module_preset=&#8220;default&#8220; header_3_text_align=&#8220;center&#8220; header_3_font_size=&#8220;24px&#8220; text_orientation=&#8220;center&#8220; custom_margin=&#8220;20px||20px||true|false&#8220; hover_enabled=&#8220;0&#8243; global_colors_info=&#8220;{}&#8220; theme_builder_area=&#8220;post_content&#8220; sticky_enabled=&#8220;0&#8243;]<\/p>\n<h3>Desky plo\u0161n\u00fdch spoj\u016f<\/h3>\n<p>[\/et_pb_text][et_pb_text _builder_version=&#8220;4.14.2&#8243; _module_preset=&#8220;default&#8220; link_text_align=&#8220;center&#8220; text_orientation=&#8220;center&#8220; link_option_url=&#8220;\/sluzby\/osazovani&#8220; hover_enabled=&#8220;0&#8243; global_colors_info=&#8220;{}&#8220; theme_builder_area=&#8220;post_content&#8220; custom_margin=&#8220;40px||40px||true|false&#8220; sticky_enabled=&#8220;0&#8243;]<\/p>\n<p><a href=\"\/sluzby\/desky-plosnych-spoju\" id=\"noline\" class=\"btn\">PROZKOUMAT \u25b8<\/a><\/p>\n<p>[\/et_pb_text][\/et_pb_column][et_pb_column type=&#8220;1_3&#8243; _builder_version=&#8220;4.14.2&#8243; hover_enabled=&#8220;0&#8243; border_radii=&#8220;on|20px|20px|20px|20px&#8220; box_shadow_style=&#8220;preset1&#8243; box_shadow_spread=&#8220;1px&#8220; box_shadow_color=&#8220;rgba(0,0,0,0.2)&#8220; global_colors_info=&#8220;{}&#8220; custom_padding__hover=&#8220;|||&#8220; theme_builder_area=&#8220;post_content&#8220; background_color=&#8220;#FFFFFF&#8220; sticky_enabled=&#8220;0&#8243;][et_pb_text _builder_version=&#8220;4.14.2&#8243; _module_preset=&#8220;default&#8220; background_image=&#8220;https:\/\/hokami.cz\/wp-content\/uploads\/2021\/10\/planzety-001.jpg&#8220; min_height=&#8220;150px&#8220; hover_enabled=&#8220;0&#8243; border_radii=&#8220;off|20px|20px||&#8220; global_colors_info=&#8220;{}&#8220; theme_builder_area=&#8220;post_content&#8220; title_text=&#8220;foto: (c) Ji\u0159\u00ed \u010c\u00e1stka, www.FotoBanka.net&#8220; sticky_enabled=&#8220;0&#8243;][\/et_pb_text][et_pb_text _builder_version=&#8220;4.14.2&#8243; _module_preset=&#8220;default&#8220; header_3_text_align=&#8220;center&#8220; header_3_font_size=&#8220;24px&#8220; text_orientation=&#8220;center&#8220; custom_margin=&#8220;20px||20px||true|false&#8220; hover_enabled=&#8220;0&#8243; global_colors_info=&#8220;{}&#8220; theme_builder_area=&#8220;post_content&#8220; sticky_enabled=&#8220;0&#8243;]<\/p>\n<h3>\u0160ablony<\/h3>\n<p>[\/et_pb_text][et_pb_text _builder_version=&#8220;4.14.2&#8243; _module_preset=&#8220;default&#8220; link_text_align=&#8220;center&#8220; text_orientation=&#8220;center&#8220; link_option_url=&#8220;\/sluzby\/osazovani&#8220; hover_enabled=&#8220;0&#8243; global_colors_info=&#8220;{}&#8220; theme_builder_area=&#8220;post_content&#8220; custom_margin=&#8220;40px||40px||true|false&#8220; sticky_enabled=&#8220;0&#8243;]<\/p>\n<p><a href=\"\/sluzby\/sablony\" id=\"noline\" class=\"btn\">PROZKOUMAT \u25b8<\/a><\/p>\n<p>[\/et_pb_text][\/et_pb_column][et_pb_column type=&#8220;1_3&#8243; _builder_version=&#8220;4.14.2&#8243; hover_enabled=&#8220;0&#8243; border_radii=&#8220;on|20px|20px|20px|20px&#8220; box_shadow_style=&#8220;preset1&#8243; box_shadow_spread=&#8220;1px&#8220; box_shadow_color=&#8220;rgba(0,0,0,0.2)&#8220; global_colors_info=&#8220;{}&#8220; custom_padding__hover=&#8220;|||&#8220; theme_builder_area=&#8220;post_content&#8220; background_color=&#8220;#FFFFFF&#8220; sticky_enabled=&#8220;0&#8243;][\/et_pb_column][\/et_pb_row][et_pb_row _builder_version=&#8220;4.10.3&#8243; background_size=&#8220;initial&#8220; background_position=&#8220;top_left&#8220; background_repeat=&#8220;repeat&#8220; width=&#8220;100%&#8220; width_tablet=&#8220;100px&#8220; width_phone=&#8220;&#8220; width_last_edited=&#8220;on|tablet&#8220; custom_css_main_element=&#8220;width: 100%!important&#8220; global_colors_info=&#8220;{}&#8220; theme_builder_area=&#8220;post_content&#8220;][et_pb_column type=&#8220;4_4&#8243; _builder_version=&#8220;3.25&#8243; custom_padding=&#8220;|||&#8220; global_colors_info=&#8220;{}&#8220; custom_padding__hover=&#8220;|||&#8220; theme_builder_area=&#8220;post_content&#8220;][et_pb_text _builder_version=&#8220;4.10.3&#8243; background_size=&#8220;initial&#8220; background_position=&#8220;top_left&#8220; background_repeat=&#8220;repeat&#8220; global_colors_info=&#8220;{}&#8220; theme_builder_area=&#8220;post_content&#8220;]<\/p>\n<h1>Video z v\u00fdroby<\/h1>\n<p>[\/et_pb_text][et_pb_code _builder_version=&#8220;4.10.3&#8243; _module_preset=&#8220;default&#8220; border_radii=&#8220;on|20px|20px|20px|20px&#8220; global_colors_info=&#8220;{}&#8220; theme_builder_area=&#8220;post_content&#8220;]<iframe loading=\"lazy\" width=\"1100\" height=\"619\" src=\"https:\/\/www.youtube.com\/embed\/WmfuuQoI-Fs\" title=\"YouTube video player\" frameborder=\"0\" allow=\"accelerometer; autoplay; clipboard-write; encrypted-media; gyroscope; picture-in-picture\" allowfullscreen><\/iframe>[\/et_pb_code][\/et_pb_column][\/et_pb_row][\/et_pb_section]<\/p>\n","protected":false},"excerpt":{"rendered":"<p>V na\u0161\u00ed nab\u00eddce naleznete tyto slu\u017eby Spole\u010dnost Hokami nab\u00edz\u00ed \u0161irok\u00e9 portfolio slu\u017eeb v oblasti plo\u0161n\u00fdch spoj\u016f. Stav\u00edme si na tom, \u017ee jsme flexibiln\u00ed a slu\u017eby jsme schopni dod\u00e1vat i v expresn\u00edch term\u00ednech. Na slu\u017eby pros\u00edm pokra\u010dujte kliknut\u00edm na &#8222;prozkoumat&#8220; v jednom z panel\u016f n\u00ed\u017ee.Osazov\u00e1n\u00edPROZKOUMAT \u25b8P\u00e1jen\u00edPROZKOUMAT \u25b8\u010ci\u0161t\u011bn\u00edPROZKOUMAT \u25b8Testov\u00e1n\u00edPROZKOUMAT \u25b8Lakov\u00e1n\u00edPROZKOUMAT \u25b8KompletacePROZKOUMAT \u25b8Desky plo\u0161n\u00fdch spoj\u016fPROZKOUMAT \u25b8\u0160ablonyPROZKOUMAT \u25b8Video z [&hellip;]<\/p>\n","protected":false},"author":1,"featured_media":1257,"parent":0,"menu_order":0,"comment_status":"closed","ping_status":"closed","template":"","meta":{"_acf_changed":false,"_et_pb_use_builder":"on","_et_pb_old_content":"","_et_gb_content_width":"","footnotes":""},"class_list":["post-1023","page","type-page","status-publish","has-post-thumbnail","hentry"],"acf":[],"_links":{"self":[{"href":"https:\/\/hokami.cz\/cs\/wp-json\/wp\/v2\/pages\/1023","targetHints":{"allow":["GET"]}}],"collection":[{"href":"https:\/\/hokami.cz\/cs\/wp-json\/wp\/v2\/pages"}],"about":[{"href":"https:\/\/hokami.cz\/cs\/wp-json\/wp\/v2\/types\/page"}],"author":[{"embeddable":true,"href":"https:\/\/hokami.cz\/cs\/wp-json\/wp\/v2\/users\/1"}],"replies":[{"embeddable":true,"href":"https:\/\/hokami.cz\/cs\/wp-json\/wp\/v2\/comments?post=1023"}],"version-history":[{"count":64,"href":"https:\/\/hokami.cz\/cs\/wp-json\/wp\/v2\/pages\/1023\/revisions"}],"predecessor-version":[{"id":2635,"href":"https:\/\/hokami.cz\/cs\/wp-json\/wp\/v2\/pages\/1023\/revisions\/2635"}],"wp:featuredmedia":[{"embeddable":true,"href":"https:\/\/hokami.cz\/cs\/wp-json\/wp\/v2\/media\/1257"}],"wp:attachment":[{"href":"https:\/\/hokami.cz\/cs\/wp-json\/wp\/v2\/media?parent=1023"}],"curies":[{"name":"wp","href":"https:\/\/api.w.org\/{rel}","templated":true}]}}